{"id":1413,"date":"2021-03-30T19:39:19","date_gmt":"2021-03-30T22:39:19","guid":{"rendered":"https:\/\/iipsi.com.br\/recherche\/"},"modified":"2025-04-04T13:09:43","modified_gmt":"2025-04-04T16:09:43","slug":"recherche","status":"publish","type":"page","link":"https:\/\/www.iipsi.com.br\/fr\/recherche\/","title":{"rendered":"Recherche"},"content":{"rendered":"\t\t<div data-elementor-type=\"wp-page\" data-elementor-id=\"1413\" class=\"elementor elementor-1413\" data-elementor-post-type=\"page\">\n\t\t\t\t\t\t<section class=\"elementor-section elementor-top-section elementor-element elementor-element-23a76d9 elementor-section-full_width elementor-section-stretched elementor-section-height-default elementor-section-height-default\" data-id=\"23a76d9\" data-element_type=\"section\" data-e-type=\"section\" data-settings=\"{&quot;stretch_section&quot;:&quot;section-stretched&quot;,&quot;background_background&quot;:&quot;classic&quot;}\">\n\t\t\t\t\t\t<div class=\"elementor-container elementor-column-gap-no\">\n\t\t\t\t\t<div class=\"elementor-column elementor-col-100 elementor-top-column elementor-element elementor-element-8e8f596\" data-id=\"8e8f596\" data-element_type=\"column\" data-e-type=\"column\" data-settings=\"{&quot;background_background&quot;:&quot;classic&quot;}\">\n\t\t\t<div class=\"elementor-widget-wrap elementor-element-populated\">\n\t\t\t\t\t\t<div class=\"elementor-element elementor-element-8d0ba08 elementor-widget elementor-widget-image\" data-id=\"8d0ba08\" data-element_type=\"widget\" data-e-type=\"widget\" data-widget_type=\"image.default\">\n\t\t\t\t<div class=\"elementor-widget-container\">\n\t\t\t\t\t\t\t\t\t\t\t\t\t\t\t<img fetchpriority=\"high\" decoding=\"async\" width=\"1920\" height=\"800\" src=\"https:\/\/www.iipsi.com.br\/wp-content\/uploads\/2021\/03\/Pesquisa-IIP.jpg\" class=\"attachment-full size-full wp-image-1390\" alt=\"Recherche\" srcset=\"https:\/\/www.iipsi.com.br\/wp-content\/uploads\/2021\/03\/Pesquisa-IIP.jpg 1920w, https:\/\/www.iipsi.com.br\/wp-content\/uploads\/2021\/03\/Pesquisa-IIP-300x125.jpg 300w, https:\/\/www.iipsi.com.br\/wp-content\/uploads\/2021\/03\/Pesquisa-IIP-1024x427.jpg 1024w, https:\/\/www.iipsi.com.br\/wp-content\/uploads\/2021\/03\/Pesquisa-IIP-768x320.jpg 768w, https:\/\/www.iipsi.com.br\/wp-content\/uploads\/2021\/03\/Pesquisa-IIP-1536x640.jpg 1536w, https:\/\/www.iipsi.com.br\/wp-content\/uploads\/2021\/03\/Pesquisa-IIP-260x108.jpg 260w, https:\/\/www.iipsi.com.br\/wp-content\/uploads\/2021\/03\/Pesquisa-IIP-50x21.jpg 50w, https:\/\/www.iipsi.com.br\/wp-content\/uploads\/2021\/03\/Pesquisa-IIP-150x63.jpg 150w\" sizes=\"(max-width: 1920px) 100vw, 1920px\" \/>\t\t\t\t\t\t\t\t\t\t\t\t\t\t\t<\/div>\n\t\t\t\t<\/div>\n\t\t\t\t\t<\/div>\n\t\t<\/div>\n\t\t\t\t\t<\/div>\n\t\t<\/section>\n\t\t\t\t<section class=\"elementor-section elementor-top-section elementor-element elementor-element-82aba4d elementor-section-stretched elementor-section-boxed elementor-section-height-default elementor-section-height-default\" data-id=\"82aba4d\" data-element_type=\"section\" data-e-type=\"section\" data-settings=\"{&quot;stretch_section&quot;:&quot;section-stretched&quot;,&quot;background_background&quot;:&quot;classic&quot;}\">\n\t\t\t\t\t\t<div class=\"elementor-container elementor-column-gap-wider\">\n\t\t\t\t\t<div class=\"elementor-column elementor-col-100 elementor-top-column elementor-element elementor-element-340025e8\" data-id=\"340025e8\" data-element_type=\"column\" data-e-type=\"column\">\n\t\t\t<div class=\"elementor-widget-wrap elementor-element-populated\">\n\t\t\t\t\t\t<section class=\"elementor-section elementor-inner-section elementor-element elementor-element-1de0d64a elementor-section-boxed elementor-section-height-default elementor-section-height-default\" data-id=\"1de0d64a\" data-element_type=\"section\" data-e-type=\"section\">\n\t\t\t\t\t\t<div class=\"elementor-container elementor-column-gap-default\">\n\t\t\t\t\t<div class=\"elementor-column elementor-col-100 elementor-inner-column elementor-element elementor-element-39675074\" data-id=\"39675074\" data-element_type=\"column\" data-e-type=\"column\">\n\t\t\t<div class=\"elementor-widget-wrap elementor-element-populated\">\n\t\t\t\t\t\t<div class=\"elementor-element elementor-element-5dadd820 elementor-widget elementor-widget-text-editor\" data-id=\"5dadd820\" data-element_type=\"widget\" data-e-type=\"widget\" data-widget_type=\"text-editor.default\">\n\t\t\t\t<div class=\"elementor-widget-container\">\n\t\t\t\t\t\t\t\t\t<h3 style=\"text-align: center;\"><span style=\"color: #f09c49;\">Recherche<\/span><\/h3>\t\t\t\t\t\t\t\t<\/div>\n\t\t\t\t<\/div>\n\t\t\t\t\t<\/div>\n\t\t<\/div>\n\t\t\t\t\t<\/div>\n\t\t<\/section>\n\t\t\t\t\t<\/div>\n\t\t<\/div>\n\t\t\t\t\t<\/div>\n\t\t<\/section>\n\t\t\t\t<section class=\"elementor-section elementor-top-section elementor-element elementor-element-135273e1 elementor-section-stretched elementor-section-boxed elementor-section-height-default elementor-section-height-default\" data-id=\"135273e1\" data-element_type=\"section\" data-e-type=\"section\" data-settings=\"{&quot;stretch_section&quot;:&quot;section-stretched&quot;,&quot;background_background&quot;:&quot;classic&quot;}\">\n\t\t\t\t\t\t<div class=\"elementor-container elementor-column-gap-wider\">\n\t\t\t\t\t<div class=\"elementor-column elementor-col-100 elementor-top-column elementor-element elementor-element-7adbe32b\" data-id=\"7adbe32b\" data-element_type=\"column\" data-e-type=\"column\">\n\t\t\t<div class=\"elementor-widget-wrap elementor-element-populated\">\n\t\t\t\t\t\t<section class=\"elementor-section elementor-inner-section elementor-element elementor-element-47ced01b elementor-section-boxed elementor-section-height-default elementor-section-height-default\" data-id=\"47ced01b\" data-element_type=\"section\" data-e-type=\"section\">\n\t\t\t\t\t\t<div class=\"elementor-container elementor-column-gap-default\">\n\t\t\t\t\t<div class=\"elementor-column elementor-col-100 elementor-inner-column elementor-element elementor-element-7997f44e\" data-id=\"7997f44e\" data-element_type=\"column\" data-e-type=\"column\">\n\t\t\t<div class=\"elementor-widget-wrap elementor-element-populated\">\n\t\t\t\t\t\t<div class=\"elementor-element elementor-element-5441cffe elementor-widget elementor-widget-text-editor\" data-id=\"5441cffe\" data-element_type=\"widget\" data-e-type=\"widget\" data-widget_type=\"text-editor.default\">\n\t\t\t\t<div class=\"elementor-widget-container\">\n\t\t\t\t\t\t\t\t\t<p style=\"text-align: justify;\"><span style=\"color: #263a53;\"><span style=\"font-size: 18.3333px;\">La recherche est un \u00e9l\u00e9ment fondamental de l&rsquo;IIP. Il est essentiel de consid\u00e9rer la psychanalyse comme une praxis vivante, en mouvement. L\u2019IIP a pour vocation de promouvoir une recherche rigoureuse et inventive, au-del\u00e0 des fronti\u00e8res nationales et des fronti\u00e8res disciplinaires.<\/span><\/span><\/p><p style=\"text-align: justify;\"><span style=\"color: #263a53;\"><span style=\"font-size: 18.3333px;\">La recherche en psychanalyse ne s\u2019adosse pas n\u00e9cessairement \u00e0 l&rsquo;Universit\u00e9, mais elle peut, bien s\u00fbr, construire des partenariats avec elle ; la recherche fait partie de la gen\u00e8se de la psychanalyse et a dans sa praxis une sp\u00e9cificit\u00e9.<\/span><\/span><\/p><p style=\"text-align: justify;\"><span style=\"color: #263a53;\"><span style=\"font-size: 18.3333px;\">Pour Freud, qui \u00e9tait un chercheur, la clinique qu\u2019il invente est recherche. C\u2019est l\u00e0 une exigence pratique et \u00e9thique propre au\/\u00e0 la psychanalyste, La formation de l&rsquo;analyste n&rsquo;est pas une formation professionnelle faite dans le champ universitaire. Elle est une d\u00e9duction logique d\u2019un traitement analytique. Aussi, assumer une dynamique de recherche est fondamentale \u00e0 cette formation.<\/span><\/span><\/p><p style=\"text-align: justify;\"><span style=\"color: #263a53;\"><span style=\"font-size: 18.3333px;\">Les activit\u00e9s de recherche de l\u00b4IIP sont organis\u00e9es de deux mani\u00e8res : les cartels et les laboratoires de recherche.<\/span><\/span><\/p><p style=\"text-align: justify;\"><span style=\"color: #263a53;\"><span style=\"font-size: 18.3333px;\"><strong>Les cartels :<\/strong><br \/><span style=\"font-weight: 400;\">Le cartel est un espace de recherche en psychanalyse qui s&rsquo;inscrit dans une communaut\u00e9 analytique, propos\u00e9 par Lacan, comme l&rsquo;un des \u00e9l\u00e9ments constitutifs de l&rsquo;\u00c9cole et de ses principes. Un cartel commence par une provocation, un non-savoir qui interroge et fait question. C&rsquo;est une mani\u00e8re d&rsquo;inviter chacun\u00b7e des cartelisant\u00b7es \u00e0 s&rsquo;engager dans ses propres \u00e9laborations.<\/span><br \/><\/span><\/span><\/p><p style=\"text-align: justify;\"><span style=\"color: #263a53;\"><span style=\"font-size: 18.3333px;\"><strong>Les laboratoires de recherches :<\/strong><br \/>Ce sont des laboratoires compos\u00e9s de clinicien<span style=\"font-weight: 400;\">\u00b7nes<\/span>, de chercheur<span style=\"font-weight: 400;\">\u00b7euses<\/span>, d\u2019universitaires, d&rsquo;artistes qui se forment \u00e0 partir d\u2019une question. L\u2019objectif est de construire une \u00e9tude rigoureuse qui r\u00e9ponde aux exigences internationales de la communaut\u00e9 de la recherche scientifique.<\/span><\/span><\/p><p style=\"text-align: justify;\"><span style=\"color: #263a53;\"><span style=\"font-size: 18.3333px;\">Les laboratoires de recherche ont vocation de produire et pr\u00e9senter leurs r\u00e9sultats dans des revues sp\u00e9cialis\u00e9es, des livres, des congr\u00e8s, des conf\u00e9rences.<\/span><\/span><\/p><p style=\"text-align: justify;\"><span style=\"color: #263a53;\"><span style=\"font-size: 18.3333px;\">Chaque laboratoire de recherche doit produire un compte-rendu annuel de son activit\u00e9 pour le responsable des laboratoires de recherche et proposer les lignes de travail pour l\u2019ann\u00e9e suivante.<\/span><\/span><\/p>\t\t\t\t\t\t\t\t<\/div>\n\t\t\t\t<\/div>\n\t\t\t\t\t<\/div>\n\t\t<\/div>\n\t\t\t\t\t<\/div>\n\t\t<\/section>\n\t\t\t\t\t<\/div>\n\t\t<\/div>\n\t\t\t\t\t<\/div>\n\t\t<\/section>\n\t\t\t\t<\/div>\n\t\t","protected":false},"excerpt":{"rendered":"<p>Recherche La recherche est un \u00e9l\u00e9ment fondamental de l&rsquo;IIP. Il est essentiel de consid\u00e9rer la psychanalyse comme une praxis vivante, en mouvement. L\u2019IIP a pour vocation de promouvoir une recherche rigoureuse et inventive, au-del\u00e0<span class=\"excerpt-hellip\"> [\u2026]<\/span><\/p>\n","protected":false},"author":3,"featured_media":0,"parent":0,"menu_order":0,"comment_status":"closed","ping_status":"closed","template":"","meta":{"footnotes":""},"class_list":["post-1413","page","type-page","status-publish","hentry"],"yoast_head":"<!-- This site is optimized with the Yoast SEO plugin v27.4 - https:\/\/yoast.com\/product\/yoast-seo-wordpress\/ -->\n<title>Recherche - Instituto Internacional de Psican\u00e1lise<\/title>\n<meta name=\"robots\" content=\"index, follow, max-snippet:-1, max-image-preview:large, max-video-preview:-1\" \/>\n<link rel=\"canonical\" href=\"https:\/\/www.iipsi.com.br\/fr\/recherche\/\" \/>\n<meta property=\"og:locale\" content=\"fr_FR\" \/>\n<meta property=\"og:type\" content=\"article\" \/>\n<meta property=\"og:title\" content=\"Recherche - Instituto Internacional de Psican\u00e1lise\" \/>\n<meta property=\"og:description\" content=\"Recherche La recherche est un \u00e9l\u00e9ment fondamental de l&rsquo;IIP. Il est essentiel de consid\u00e9rer la psychanalyse comme une praxis vivante, en mouvement. L\u2019IIP a pour vocation de promouvoir une recherche rigoureuse et inventive, au-del\u00e0 [\u2026]\" \/>\n<meta property=\"og:url\" content=\"https:\/\/www.iipsi.com.br\/fr\/recherche\/\" \/>\n<meta property=\"og:site_name\" content=\"Instituto Internacional de Psican\u00e1lise\" \/>\n<meta property=\"article:publisher\" content=\"https:\/\/www.facebook.com\/Instituto-Internacional-de-Psicanlise-154483503074510\" \/>\n<meta property=\"article:modified_time\" content=\"2025-04-04T16:09:43+00:00\" \/>\n<meta property=\"og:image\" content=\"https:\/\/iipsi.com.br\/wp-content\/uploads\/2021\/03\/Pesquisa-IIP.jpg\" \/>\n<meta name=\"twitter:card\" content=\"summary_large_image\" \/>\n<meta name=\"twitter:label1\" content=\"Dur\u00e9e de lecture estim\u00e9e\" \/>\n\t<meta name=\"twitter:data1\" content=\"2 minutes\" \/>\n<script type=\"application\/ld+json\" class=\"yoast-schema-graph\">{\"@context\":\"https:\\\/\\\/schema.org\",\"@graph\":[{\"@type\":\"WebPage\",\"@id\":\"https:\\\/\\\/www.iipsi.com.br\\\/fr\\\/recherche\\\/\",\"url\":\"https:\\\/\\\/www.iipsi.com.br\\\/fr\\\/recherche\\\/\",\"name\":\"Recherche - Instituto Internacional de Psican\u00e1lise\",\"isPartOf\":{\"@id\":\"https:\\\/\\\/www.iipsi.com.br\\\/fr\\\/#website\"},\"primaryImageOfPage\":{\"@id\":\"https:\\\/\\\/www.iipsi.com.br\\\/fr\\\/recherche\\\/#primaryimage\"},\"image\":{\"@id\":\"https:\\\/\\\/www.iipsi.com.br\\\/fr\\\/recherche\\\/#primaryimage\"},\"thumbnailUrl\":\"https:\\\/\\\/iipsi.com.br\\\/wp-content\\\/uploads\\\/2021\\\/03\\\/Pesquisa-IIP.jpg\",\"datePublished\":\"2021-03-30T22:39:19+00:00\",\"dateModified\":\"2025-04-04T16:09:43+00:00\",\"breadcrumb\":{\"@id\":\"https:\\\/\\\/www.iipsi.com.br\\\/fr\\\/recherche\\\/#breadcrumb\"},\"inLanguage\":\"fr-FR\",\"potentialAction\":[{\"@type\":\"ReadAction\",\"target\":[\"https:\\\/\\\/www.iipsi.com.br\\\/fr\\\/recherche\\\/\"]}]},{\"@type\":\"ImageObject\",\"inLanguage\":\"fr-FR\",\"@id\":\"https:\\\/\\\/www.iipsi.com.br\\\/fr\\\/recherche\\\/#primaryimage\",\"url\":\"https:\\\/\\\/iipsi.com.br\\\/wp-content\\\/uploads\\\/2021\\\/03\\\/Pesquisa-IIP.jpg\",\"contentUrl\":\"https:\\\/\\\/iipsi.com.br\\\/wp-content\\\/uploads\\\/2021\\\/03\\\/Pesquisa-IIP.jpg\"},{\"@type\":\"BreadcrumbList\",\"@id\":\"https:\\\/\\\/www.iipsi.com.br\\\/fr\\\/recherche\\\/#breadcrumb\",\"itemListElement\":[{\"@type\":\"ListItem\",\"position\":1,\"name\":\"In\u00edcio\",\"item\":\"https:\\\/\\\/www.iipsi.com.br\\\/fr\\\/\"},{\"@type\":\"ListItem\",\"position\":2,\"name\":\"Recherche\"}]},{\"@type\":\"WebSite\",\"@id\":\"https:\\\/\\\/www.iipsi.com.br\\\/fr\\\/#website\",\"url\":\"https:\\\/\\\/www.iipsi.com.br\\\/fr\\\/\",\"name\":\"Instituto Internacional de Psican\u00e1lise\",\"description\":\"Instituto Internacional de Psican\u00e1lise\",\"publisher\":{\"@id\":\"https:\\\/\\\/www.iipsi.com.br\\\/fr\\\/#organization\"},\"potentialAction\":[{\"@type\":\"SearchAction\",\"target\":{\"@type\":\"EntryPoint\",\"urlTemplate\":\"https:\\\/\\\/www.iipsi.com.br\\\/fr\\\/?s={search_term_string}\"},\"query-input\":{\"@type\":\"PropertyValueSpecification\",\"valueRequired\":true,\"valueName\":\"search_term_string\"}}],\"inLanguage\":\"fr-FR\"},{\"@type\":\"Organization\",\"@id\":\"https:\\\/\\\/www.iipsi.com.br\\\/fr\\\/#organization\",\"name\":\"Instituto Internacional de Psican\u00e1lise\",\"url\":\"https:\\\/\\\/www.iipsi.com.br\\\/fr\\\/\",\"logo\":{\"@type\":\"ImageObject\",\"inLanguage\":\"fr-FR\",\"@id\":\"https:\\\/\\\/www.iipsi.com.br\\\/fr\\\/#\\\/schema\\\/logo\\\/image\\\/\",\"url\":\"https:\\\/\\\/www.iipsi.com.br\\\/wp-content\\\/uploads\\\/2021\\\/04\\\/logo-fran-iip.png\",\"contentUrl\":\"https:\\\/\\\/www.iipsi.com.br\\\/wp-content\\\/uploads\\\/2021\\\/04\\\/logo-fran-iip.png\",\"width\":330,\"height\":105,\"caption\":\"Instituto Internacional de Psican\u00e1lise\"},\"image\":{\"@id\":\"https:\\\/\\\/www.iipsi.com.br\\\/fr\\\/#\\\/schema\\\/logo\\\/image\\\/\"},\"sameAs\":[\"https:\\\/\\\/www.facebook.com\\\/Instituto-Internacional-de-Psicanlise-154483503074510\",\"https:\\\/\\\/www.youtube.com\\\/channel\\\/UCpdtZZXQAwCPaiQXuIkEHYQ\",\"https:\\\/\\\/www.instagram.com\\\/iip.psi\\\/?igshid=9gywb8g42cf2\"]}]}<\/script>\n<!-- \/ Yoast SEO plugin. -->","yoast_head_json":{"title":"Recherche - Instituto Internacional de Psican\u00e1lise","robots":{"index":"index","follow":"follow","max-snippet":"max-snippet:-1","max-image-preview":"max-image-preview:large","max-video-preview":"max-video-preview:-1"},"canonical":"https:\/\/www.iipsi.com.br\/fr\/recherche\/","og_locale":"fr_FR","og_type":"article","og_title":"Recherche - Instituto Internacional de Psican\u00e1lise","og_description":"Recherche La recherche est un \u00e9l\u00e9ment fondamental de l&rsquo;IIP. Il est essentiel de consid\u00e9rer la psychanalyse comme une praxis vivante, en mouvement. L\u2019IIP a pour vocation de promouvoir une recherche rigoureuse et inventive, au-del\u00e0 [\u2026]","og_url":"https:\/\/www.iipsi.com.br\/fr\/recherche\/","og_site_name":"Instituto Internacional de Psican\u00e1lise","article_publisher":"https:\/\/www.facebook.com\/Instituto-Internacional-de-Psicanlise-154483503074510","article_modified_time":"2025-04-04T16:09:43+00:00","og_image":[{"url":"https:\/\/iipsi.com.br\/wp-content\/uploads\/2021\/03\/Pesquisa-IIP.jpg","type":"","width":"","height":""}],"twitter_card":"summary_large_image","twitter_misc":{"Dur\u00e9e de lecture estim\u00e9e":"2 minutes"},"schema":{"@context":"https:\/\/schema.org","@graph":[{"@type":"WebPage","@id":"https:\/\/www.iipsi.com.br\/fr\/recherche\/","url":"https:\/\/www.iipsi.com.br\/fr\/recherche\/","name":"Recherche - Instituto Internacional de Psican\u00e1lise","isPartOf":{"@id":"https:\/\/www.iipsi.com.br\/fr\/#website"},"primaryImageOfPage":{"@id":"https:\/\/www.iipsi.com.br\/fr\/recherche\/#primaryimage"},"image":{"@id":"https:\/\/www.iipsi.com.br\/fr\/recherche\/#primaryimage"},"thumbnailUrl":"https:\/\/iipsi.com.br\/wp-content\/uploads\/2021\/03\/Pesquisa-IIP.jpg","datePublished":"2021-03-30T22:39:19+00:00","dateModified":"2025-04-04T16:09:43+00:00","breadcrumb":{"@id":"https:\/\/www.iipsi.com.br\/fr\/recherche\/#breadcrumb"},"inLanguage":"fr-FR","potentialAction":[{"@type":"ReadAction","target":["https:\/\/www.iipsi.com.br\/fr\/recherche\/"]}]},{"@type":"ImageObject","inLanguage":"fr-FR","@id":"https:\/\/www.iipsi.com.br\/fr\/recherche\/#primaryimage","url":"https:\/\/iipsi.com.br\/wp-content\/uploads\/2021\/03\/Pesquisa-IIP.jpg","contentUrl":"https:\/\/iipsi.com.br\/wp-content\/uploads\/2021\/03\/Pesquisa-IIP.jpg"},{"@type":"BreadcrumbList","@id":"https:\/\/www.iipsi.com.br\/fr\/recherche\/#breadcrumb","itemListElement":[{"@type":"ListItem","position":1,"name":"In\u00edcio","item":"https:\/\/www.iipsi.com.br\/fr\/"},{"@type":"ListItem","position":2,"name":"Recherche"}]},{"@type":"WebSite","@id":"https:\/\/www.iipsi.com.br\/fr\/#website","url":"https:\/\/www.iipsi.com.br\/fr\/","name":"Instituto Internacional de Psican\u00e1lise","description":"Instituto Internacional de Psican\u00e1lise","publisher":{"@id":"https:\/\/www.iipsi.com.br\/fr\/#organization"},"potentialAction":[{"@type":"SearchAction","target":{"@type":"EntryPoint","urlTemplate":"https:\/\/www.iipsi.com.br\/fr\/?s={search_term_string}"},"query-input":{"@type":"PropertyValueSpecification","valueRequired":true,"valueName":"search_term_string"}}],"inLanguage":"fr-FR"},{"@type":"Organization","@id":"https:\/\/www.iipsi.com.br\/fr\/#organization","name":"Instituto Internacional de Psican\u00e1lise","url":"https:\/\/www.iipsi.com.br\/fr\/","logo":{"@type":"ImageObject","inLanguage":"fr-FR","@id":"https:\/\/www.iipsi.com.br\/fr\/#\/schema\/logo\/image\/","url":"https:\/\/www.iipsi.com.br\/wp-content\/uploads\/2021\/04\/logo-fran-iip.png","contentUrl":"https:\/\/www.iipsi.com.br\/wp-content\/uploads\/2021\/04\/logo-fran-iip.png","width":330,"height":105,"caption":"Instituto Internacional de Psican\u00e1lise"},"image":{"@id":"https:\/\/www.iipsi.com.br\/fr\/#\/schema\/logo\/image\/"},"sameAs":["https:\/\/www.facebook.com\/Instituto-Internacional-de-Psicanlise-154483503074510","https:\/\/www.youtube.com\/channel\/UCpdtZZXQAwCPaiQXuIkEHYQ","https:\/\/www.instagram.com\/iip.psi\/?igshid=9gywb8g42cf2"]}]}},"_links":{"self":[{"href":"https:\/\/www.iipsi.com.br\/fr\/wp-json\/wp\/v2\/pages\/1413","targetHints":{"allow":["GET"]}}],"collection":[{"href":"https:\/\/www.iipsi.com.br\/fr\/wp-json\/wp\/v2\/pages"}],"about":[{"href":"https:\/\/www.iipsi.com.br\/fr\/wp-json\/wp\/v2\/types\/page"}],"author":[{"embeddable":true,"href":"https:\/\/www.iipsi.com.br\/fr\/wp-json\/wp\/v2\/users\/3"}],"replies":[{"embeddable":true,"href":"https:\/\/www.iipsi.com.br\/fr\/wp-json\/wp\/v2\/comments?post=1413"}],"version-history":[{"count":35,"href":"https:\/\/www.iipsi.com.br\/fr\/wp-json\/wp\/v2\/pages\/1413\/revisions"}],"predecessor-version":[{"id":10103,"href":"https:\/\/www.iipsi.com.br\/fr\/wp-json\/wp\/v2\/pages\/1413\/revisions\/10103"}],"wp:attachment":[{"href":"https:\/\/www.iipsi.com.br\/fr\/wp-json\/wp\/v2\/media?parent=1413"}],"curies":[{"name":"wp","href":"https:\/\/api.w.org\/{rel}","templated":true}]}}