{"id":1426,"date":"2021-04-01T10:45:25","date_gmt":"2021-04-01T13:45:25","guid":{"rendered":"https:\/\/iipsi.com.br\/iip-social\/"},"modified":"2025-04-04T13:38:32","modified_gmt":"2025-04-04T16:38:32","slug":"iip-social","status":"publish","type":"page","link":"https:\/\/www.iipsi.com.br\/fr\/iip-social\/","title":{"rendered":"IIP Social-iip"},"content":{"rendered":"\t\t<div data-elementor-type=\"wp-page\" data-elementor-id=\"1426\" class=\"elementor elementor-1426\" data-elementor-post-type=\"page\">\n\t\t\t\t\t\t<section class=\"elementor-section elementor-top-section elementor-element elementor-element-23a76d9 elementor-section-full_width elementor-section-stretched elementor-section-height-default elementor-section-height-default\" data-id=\"23a76d9\" data-element_type=\"section\" data-e-type=\"section\" data-settings=\"{&quot;stretch_section&quot;:&quot;section-stretched&quot;,&quot;background_background&quot;:&quot;classic&quot;}\">\n\t\t\t\t\t\t<div class=\"elementor-container elementor-column-gap-no\">\n\t\t\t\t\t<div class=\"elementor-column elementor-col-100 elementor-top-column elementor-element elementor-element-8e8f596\" data-id=\"8e8f596\" data-element_type=\"column\" data-e-type=\"column\" data-settings=\"{&quot;background_background&quot;:&quot;classic&quot;}\">\n\t\t\t<div class=\"elementor-widget-wrap elementor-element-populated\">\n\t\t\t\t\t\t<div class=\"elementor-element elementor-element-8d0ba08 elementor-widget elementor-widget-image\" data-id=\"8d0ba08\" data-element_type=\"widget\" data-e-type=\"widget\" data-widget_type=\"image.default\">\n\t\t\t\t<div class=\"elementor-widget-container\">\n\t\t\t\t\t\t\t\t\t\t\t\t\t\t\t<img fetchpriority=\"high\" decoding=\"async\" width=\"1920\" height=\"800\" src=\"https:\/\/www.iipsi.com.br\/wp-content\/uploads\/2021\/03\/Social-IIP.jpg\" class=\"attachment-full size-full wp-image-1378\" alt=\"IIP Social\" srcset=\"https:\/\/www.iipsi.com.br\/wp-content\/uploads\/2021\/03\/Social-IIP.jpg 1920w, https:\/\/www.iipsi.com.br\/wp-content\/uploads\/2021\/03\/Social-IIP-300x125.jpg 300w, https:\/\/www.iipsi.com.br\/wp-content\/uploads\/2021\/03\/Social-IIP-1024x427.jpg 1024w, https:\/\/www.iipsi.com.br\/wp-content\/uploads\/2021\/03\/Social-IIP-768x320.jpg 768w, https:\/\/www.iipsi.com.br\/wp-content\/uploads\/2021\/03\/Social-IIP-1536x640.jpg 1536w, https:\/\/www.iipsi.com.br\/wp-content\/uploads\/2021\/03\/Social-IIP-260x108.jpg 260w, https:\/\/www.iipsi.com.br\/wp-content\/uploads\/2021\/03\/Social-IIP-50x21.jpg 50w, https:\/\/www.iipsi.com.br\/wp-content\/uploads\/2021\/03\/Social-IIP-150x63.jpg 150w\" sizes=\"(max-width: 1920px) 100vw, 1920px\" \/>\t\t\t\t\t\t\t\t\t\t\t\t\t\t\t<\/div>\n\t\t\t\t<\/div>\n\t\t\t\t\t<\/div>\n\t\t<\/div>\n\t\t\t\t\t<\/div>\n\t\t<\/section>\n\t\t\t\t<section class=\"elementor-section elementor-top-section elementor-element elementor-element-82aba4d elementor-section-stretched elementor-section-boxed elementor-section-height-default elementor-section-height-default\" data-id=\"82aba4d\" data-element_type=\"section\" data-e-type=\"section\" data-settings=\"{&quot;stretch_section&quot;:&quot;section-stretched&quot;,&quot;background_background&quot;:&quot;classic&quot;}\">\n\t\t\t\t\t\t<div class=\"elementor-container elementor-column-gap-wider\">\n\t\t\t\t\t<div class=\"elementor-column elementor-col-100 elementor-top-column elementor-element elementor-element-340025e8\" data-id=\"340025e8\" data-element_type=\"column\" data-e-type=\"column\">\n\t\t\t<div class=\"elementor-widget-wrap elementor-element-populated\">\n\t\t\t\t\t\t<section class=\"elementor-section elementor-inner-section elementor-element elementor-element-1de0d64a elementor-section-boxed elementor-section-height-default elementor-section-height-default\" data-id=\"1de0d64a\" data-element_type=\"section\" data-e-type=\"section\">\n\t\t\t\t\t\t<div class=\"elementor-container elementor-column-gap-default\">\n\t\t\t\t\t<div class=\"elementor-column elementor-col-100 elementor-inner-column elementor-element elementor-element-39675074\" data-id=\"39675074\" data-element_type=\"column\" data-e-type=\"column\">\n\t\t\t<div class=\"elementor-widget-wrap elementor-element-populated\">\n\t\t\t\t\t\t<div class=\"elementor-element elementor-element-5dadd820 elementor-widget elementor-widget-text-editor\" data-id=\"5dadd820\" data-element_type=\"widget\" data-e-type=\"widget\" data-widget_type=\"text-editor.default\">\n\t\t\t\t<div class=\"elementor-widget-container\">\n\t\t\t\t\t\t\t\t\t<h3 style=\"text-align: center;\"><span style=\"color: #f09c49;\">IIP Social\u00a0<\/span><\/h3>\t\t\t\t\t\t\t\t<\/div>\n\t\t\t\t<\/div>\n\t\t\t\t\t<\/div>\n\t\t<\/div>\n\t\t\t\t\t<\/div>\n\t\t<\/section>\n\t\t\t\t\t<\/div>\n\t\t<\/div>\n\t\t\t\t\t<\/div>\n\t\t<\/section>\n\t\t\t\t<section class=\"elementor-section elementor-top-section elementor-element elementor-element-135273e1 elementor-section-stretched elementor-section-boxed elementor-section-height-default elementor-section-height-default\" data-id=\"135273e1\" data-element_type=\"section\" data-e-type=\"section\" data-settings=\"{&quot;stretch_section&quot;:&quot;section-stretched&quot;,&quot;background_background&quot;:&quot;classic&quot;}\">\n\t\t\t\t\t\t<div class=\"elementor-container elementor-column-gap-wider\">\n\t\t\t\t\t<div class=\"elementor-column elementor-col-100 elementor-top-column elementor-element elementor-element-7adbe32b\" data-id=\"7adbe32b\" data-element_type=\"column\" data-e-type=\"column\">\n\t\t\t<div class=\"elementor-widget-wrap elementor-element-populated\">\n\t\t\t\t\t\t<section class=\"elementor-section elementor-inner-section elementor-element elementor-element-47ced01b elementor-section-boxed elementor-section-height-default elementor-section-height-default\" data-id=\"47ced01b\" data-element_type=\"section\" data-e-type=\"section\">\n\t\t\t\t\t\t<div class=\"elementor-container elementor-column-gap-default\">\n\t\t\t\t\t<div class=\"elementor-column elementor-col-100 elementor-inner-column elementor-element elementor-element-7997f44e\" data-id=\"7997f44e\" data-element_type=\"column\" data-e-type=\"column\">\n\t\t\t<div class=\"elementor-widget-wrap elementor-element-populated\">\n\t\t\t\t\t\t<div class=\"elementor-element elementor-element-5441cffe elementor-widget elementor-widget-text-editor\" data-id=\"5441cffe\" data-element_type=\"widget\" data-e-type=\"widget\" data-widget_type=\"text-editor.default\">\n\t\t\t\t<div class=\"elementor-widget-container\">\n\t\t\t\t\t\t\t\t\t<p style=\"text-align: justify;\"><span style=\"color: #263a53;\"><span style=\"font-size: 18.3333px;\">La psychanalyse doit travailler avec la notion de l&rsquo;urgence. C\u00b4est le cas pour l&rsquo;urgence qu&rsquo;impliquent les d\u00e9sastres \u00e9cologiques, les crises sanitaires, humanitaires. C&rsquo;est aussi le cas dans le cadre des urgences de tous les jours, <span style=\"font-weight: 400;\">qu\u2019elles soient<\/span> sociales et\/ou subjectives.<br \/><\/span><\/span><\/p><p style=\"text-align: justify;\"><span style=\"color: #263a53;\"><span style=\"font-size: 18.3333px;\">Pour traiter de cette question \u00e9thique, la psychanalyse est invit\u00e9e sans cesse \u00e0 se r\u00e9inventer. Et la communaut\u00e9 psychanalytique est invit\u00e9e, aujourd\u00b4hui peut-\u00eatre plus que jamais, \u00e0 relever ce d\u00e9fi: offrir la possibilit\u00e9 de l\u00b4exp\u00e9rience d\u00b4un discours analytique \u00e0 une population qui n&rsquo;a pas acc\u00e8s aux psychanalystes.<br \/><\/span><\/span><\/p><p style=\"text-align: justify;\"><span style=\"color: #263a53;\"><span style=\"font-size: 18.3333px;\">Nous savons que la clinique psychanalytique est une clinique de la pr\u00e9carit\u00e9. Et cette pr\u00e9carit\u00e9 est le fait m\u00eame de la sp\u00e9cificit\u00e9 du sujet parlant. \u00c0 cela s&rsquo;ajoutent pour certain d&rsquo;autres formes de pr\u00e9carit\u00e9, li\u00e9es \u00e0 l\u00b4exclusion, la s\u00e9gr\u00e9gation, la marginalit\u00e9 impos\u00e9e, les catastrophes collectives et\/ou individuelles, les crises environnementales et les conflits r\u00e9gionaux. Pour diff\u00e9rentes raisons, des pans entiers de la population humaine sont distants des institutions sociales et de sant\u00e9. Alors, dans ces contextes, comment offrir des dispositifs sp\u00e9cifiques, orient\u00e9s par la psychanalyse ?<\/span><\/span><\/p><p style=\"text-align: justify;\"><span style=\"color: #263a53;\"><span style=\"font-size: 18.3333px;\">L&rsquo;IIP a pour vocation de r\u00e9aliser des recherches et construire des partenariats pour aider et soutenir des actions concr\u00e8tes qui vont dans ce sens en proposant :<\/span><\/span><\/p><ul><li>de mettre en place un groupe de recherche international travailler sur ce sujet ;<\/li><li>d&rsquo;orienter, conseiller ou\u00a0 cr\u00e9er des formations sp\u00e9cifiques pour toute organisation, groupe, association, \u00e9cole orient\u00e9e par la psychanalyse et ayant \u00e0 ce type de pratique ou qui souhaite mettre en place ce type d&rsquo;action;<\/li><li>en organisant chaque ann\u00e9e un congr\u00e8s international sur ces th\u00e9matiques.<\/li><\/ul><p style=\"text-align: justify;\"><span style=\"color: #263a53;\"><span style=\"font-size: 18.3333px;\"><br \/>Si vous vous identifiez au sujet, veuillez <a href=\"https:\/\/iipsi.com.br\/fr\/contact\/\">nous contacter<\/a>.<br \/><\/span><\/span><\/p>\t\t\t\t\t\t\t\t<\/div>\n\t\t\t\t<\/div>\n\t\t\t\t\t<\/div>\n\t\t<\/div>\n\t\t\t\t\t<\/div>\n\t\t<\/section>\n\t\t\t\t\t<\/div>\n\t\t<\/div>\n\t\t\t\t\t<\/div>\n\t\t<\/section>\n\t\t\t\t<\/div>\n\t\t","protected":false},"excerpt":{"rendered":"<p>IIP Social\u00a0 La psychanalyse doit travailler avec la notion de l&rsquo;urgence. C\u00b4est le cas pour l&rsquo;urgence qu&rsquo;impliquent les d\u00e9sastres \u00e9cologiques, les crises sanitaires, humanitaires. C&rsquo;est aussi le cas dans le cadre des urgences de<span class=\"excerpt-hellip\"> [\u2026]<\/span><\/p>\n","protected":false},"author":3,"featured_media":0,"parent":0,"menu_order":0,"comment_status":"closed","ping_status":"closed","template":"","meta":{"footnotes":""},"class_list":["post-1426","page","type-page","status-publish","hentry"],"yoast_head":"<!-- This site is optimized with the Yoast SEO plugin v27.4 - https:\/\/yoast.com\/product\/yoast-seo-wordpress\/ -->\n<title>IIP Social-iip - Instituto Internacional de Psican\u00e1lise<\/title>\n<meta name=\"robots\" content=\"index, follow, max-snippet:-1, max-image-preview:large, max-video-preview:-1\" \/>\n<link rel=\"canonical\" href=\"https:\/\/www.iipsi.com.br\/social-iip\/\" \/>\n<meta property=\"og:locale\" content=\"fr_FR\" \/>\n<meta property=\"og:type\" content=\"article\" \/>\n<meta property=\"og:title\" content=\"IIP Social-iip - Instituto Internacional de Psican\u00e1lise\" \/>\n<meta property=\"og:description\" content=\"IIP Social\u00a0 La psychanalyse doit travailler avec la notion de l&rsquo;urgence. C\u00b4est le cas pour l&rsquo;urgence qu&rsquo;impliquent les d\u00e9sastres \u00e9cologiques, les crises sanitaires, humanitaires. C&rsquo;est aussi le cas dans le cadre des urgences de [\u2026]\" \/>\n<meta property=\"og:url\" content=\"https:\/\/www.iipsi.com.br\/social-iip\/\" \/>\n<meta property=\"og:site_name\" content=\"Instituto Internacional de Psican\u00e1lise\" \/>\n<meta property=\"article:publisher\" content=\"https:\/\/www.facebook.com\/Instituto-Internacional-de-Psicanlise-154483503074510\" \/>\n<meta property=\"article:modified_time\" content=\"2025-04-04T16:38:32+00:00\" \/>\n<meta property=\"og:image\" content=\"https:\/\/iipsi.com.br\/wp-content\/uploads\/2021\/03\/Social-IIP.jpg\" \/>\n<meta name=\"twitter:card\" content=\"summary_large_image\" \/>\n<meta name=\"twitter:label1\" content=\"Dur\u00e9e de lecture estim\u00e9e\" \/>\n\t<meta name=\"twitter:data1\" content=\"1 minute\" \/>\n<script type=\"application\/ld+json\" class=\"yoast-schema-graph\">{\"@context\":\"https:\\\/\\\/schema.org\",\"@graph\":[{\"@type\":\"WebPage\",\"@id\":\"https:\\\/\\\/www.iipsi.com.br\\\/social-iip\\\/\",\"url\":\"https:\\\/\\\/www.iipsi.com.br\\\/social-iip\\\/\",\"name\":\"IIP Social-iip - Instituto Internacional de Psican\u00e1lise\",\"isPartOf\":{\"@id\":\"https:\\\/\\\/www.iipsi.com.br\\\/fr\\\/#website\"},\"primaryImageOfPage\":{\"@id\":\"https:\\\/\\\/www.iipsi.com.br\\\/social-iip\\\/#primaryimage\"},\"image\":{\"@id\":\"https:\\\/\\\/www.iipsi.com.br\\\/social-iip\\\/#primaryimage\"},\"thumbnailUrl\":\"https:\\\/\\\/iipsi.com.br\\\/wp-content\\\/uploads\\\/2021\\\/03\\\/Social-IIP.jpg\",\"datePublished\":\"2021-04-01T13:45:25+00:00\",\"dateModified\":\"2025-04-04T16:38:32+00:00\",\"breadcrumb\":{\"@id\":\"https:\\\/\\\/www.iipsi.com.br\\\/social-iip\\\/#breadcrumb\"},\"inLanguage\":\"fr-FR\",\"potentialAction\":[{\"@type\":\"ReadAction\",\"target\":[\"https:\\\/\\\/www.iipsi.com.br\\\/social-iip\\\/\"]}]},{\"@type\":\"ImageObject\",\"inLanguage\":\"fr-FR\",\"@id\":\"https:\\\/\\\/www.iipsi.com.br\\\/social-iip\\\/#primaryimage\",\"url\":\"https:\\\/\\\/iipsi.com.br\\\/wp-content\\\/uploads\\\/2021\\\/03\\\/Social-IIP.jpg\",\"contentUrl\":\"https:\\\/\\\/iipsi.com.br\\\/wp-content\\\/uploads\\\/2021\\\/03\\\/Social-IIP.jpg\"},{\"@type\":\"BreadcrumbList\",\"@id\":\"https:\\\/\\\/www.iipsi.com.br\\\/social-iip\\\/#breadcrumb\",\"itemListElement\":[{\"@type\":\"ListItem\",\"position\":1,\"name\":\"In\u00edcio\",\"item\":\"https:\\\/\\\/www.iipsi.com.br\\\/fr\\\/\"},{\"@type\":\"ListItem\",\"position\":2,\"name\":\"IIP Social-iip\"}]},{\"@type\":\"WebSite\",\"@id\":\"https:\\\/\\\/www.iipsi.com.br\\\/fr\\\/#website\",\"url\":\"https:\\\/\\\/www.iipsi.com.br\\\/fr\\\/\",\"name\":\"Instituto Internacional de Psican\u00e1lise\",\"description\":\"Instituto Internacional de Psican\u00e1lise\",\"publisher\":{\"@id\":\"https:\\\/\\\/www.iipsi.com.br\\\/fr\\\/#organization\"},\"potentialAction\":[{\"@type\":\"SearchAction\",\"target\":{\"@type\":\"EntryPoint\",\"urlTemplate\":\"https:\\\/\\\/www.iipsi.com.br\\\/fr\\\/?s={search_term_string}\"},\"query-input\":{\"@type\":\"PropertyValueSpecification\",\"valueRequired\":true,\"valueName\":\"search_term_string\"}}],\"inLanguage\":\"fr-FR\"},{\"@type\":\"Organization\",\"@id\":\"https:\\\/\\\/www.iipsi.com.br\\\/fr\\\/#organization\",\"name\":\"Instituto Internacional de Psican\u00e1lise\",\"url\":\"https:\\\/\\\/www.iipsi.com.br\\\/fr\\\/\",\"logo\":{\"@type\":\"ImageObject\",\"inLanguage\":\"fr-FR\",\"@id\":\"https:\\\/\\\/www.iipsi.com.br\\\/fr\\\/#\\\/schema\\\/logo\\\/image\\\/\",\"url\":\"https:\\\/\\\/www.iipsi.com.br\\\/wp-content\\\/uploads\\\/2021\\\/04\\\/logo-fran-iip.png\",\"contentUrl\":\"https:\\\/\\\/www.iipsi.com.br\\\/wp-content\\\/uploads\\\/2021\\\/04\\\/logo-fran-iip.png\",\"width\":330,\"height\":105,\"caption\":\"Instituto Internacional de Psican\u00e1lise\"},\"image\":{\"@id\":\"https:\\\/\\\/www.iipsi.com.br\\\/fr\\\/#\\\/schema\\\/logo\\\/image\\\/\"},\"sameAs\":[\"https:\\\/\\\/www.facebook.com\\\/Instituto-Internacional-de-Psicanlise-154483503074510\",\"https:\\\/\\\/www.youtube.com\\\/channel\\\/UCpdtZZXQAwCPaiQXuIkEHYQ\",\"https:\\\/\\\/www.instagram.com\\\/iip.psi\\\/?igshid=9gywb8g42cf2\"]}]}<\/script>\n<!-- \/ Yoast SEO plugin. -->","yoast_head_json":{"title":"IIP Social-iip - Instituto Internacional de Psican\u00e1lise","robots":{"index":"index","follow":"follow","max-snippet":"max-snippet:-1","max-image-preview":"max-image-preview:large","max-video-preview":"max-video-preview:-1"},"canonical":"https:\/\/www.iipsi.com.br\/social-iip\/","og_locale":"fr_FR","og_type":"article","og_title":"IIP Social-iip - Instituto Internacional de Psican\u00e1lise","og_description":"IIP Social\u00a0 La psychanalyse doit travailler avec la notion de l&rsquo;urgence. C\u00b4est le cas pour l&rsquo;urgence qu&rsquo;impliquent les d\u00e9sastres \u00e9cologiques, les crises sanitaires, humanitaires. C&rsquo;est aussi le cas dans le cadre des urgences de [\u2026]","og_url":"https:\/\/www.iipsi.com.br\/social-iip\/","og_site_name":"Instituto Internacional de Psican\u00e1lise","article_publisher":"https:\/\/www.facebook.com\/Instituto-Internacional-de-Psicanlise-154483503074510","article_modified_time":"2025-04-04T16:38:32+00:00","og_image":[{"url":"https:\/\/iipsi.com.br\/wp-content\/uploads\/2021\/03\/Social-IIP.jpg","type":"","width":"","height":""}],"twitter_card":"summary_large_image","twitter_misc":{"Dur\u00e9e de lecture estim\u00e9e":"1 minute"},"schema":{"@context":"https:\/\/schema.org","@graph":[{"@type":"WebPage","@id":"https:\/\/www.iipsi.com.br\/social-iip\/","url":"https:\/\/www.iipsi.com.br\/social-iip\/","name":"IIP Social-iip - Instituto Internacional de Psican\u00e1lise","isPartOf":{"@id":"https:\/\/www.iipsi.com.br\/fr\/#website"},"primaryImageOfPage":{"@id":"https:\/\/www.iipsi.com.br\/social-iip\/#primaryimage"},"image":{"@id":"https:\/\/www.iipsi.com.br\/social-iip\/#primaryimage"},"thumbnailUrl":"https:\/\/iipsi.com.br\/wp-content\/uploads\/2021\/03\/Social-IIP.jpg","datePublished":"2021-04-01T13:45:25+00:00","dateModified":"2025-04-04T16:38:32+00:00","breadcrumb":{"@id":"https:\/\/www.iipsi.com.br\/social-iip\/#breadcrumb"},"inLanguage":"fr-FR","potentialAction":[{"@type":"ReadAction","target":["https:\/\/www.iipsi.com.br\/social-iip\/"]}]},{"@type":"ImageObject","inLanguage":"fr-FR","@id":"https:\/\/www.iipsi.com.br\/social-iip\/#primaryimage","url":"https:\/\/iipsi.com.br\/wp-content\/uploads\/2021\/03\/Social-IIP.jpg","contentUrl":"https:\/\/iipsi.com.br\/wp-content\/uploads\/2021\/03\/Social-IIP.jpg"},{"@type":"BreadcrumbList","@id":"https:\/\/www.iipsi.com.br\/social-iip\/#breadcrumb","itemListElement":[{"@type":"ListItem","position":1,"name":"In\u00edcio","item":"https:\/\/www.iipsi.com.br\/fr\/"},{"@type":"ListItem","position":2,"name":"IIP Social-iip"}]},{"@type":"WebSite","@id":"https:\/\/www.iipsi.com.br\/fr\/#website","url":"https:\/\/www.iipsi.com.br\/fr\/","name":"Instituto Internacional de Psican\u00e1lise","description":"Instituto Internacional de Psican\u00e1lise","publisher":{"@id":"https:\/\/www.iipsi.com.br\/fr\/#organization"},"potentialAction":[{"@type":"SearchAction","target":{"@type":"EntryPoint","urlTemplate":"https:\/\/www.iipsi.com.br\/fr\/?s={search_term_string}"},"query-input":{"@type":"PropertyValueSpecification","valueRequired":true,"valueName":"search_term_string"}}],"inLanguage":"fr-FR"},{"@type":"Organization","@id":"https:\/\/www.iipsi.com.br\/fr\/#organization","name":"Instituto Internacional de Psican\u00e1lise","url":"https:\/\/www.iipsi.com.br\/fr\/","logo":{"@type":"ImageObject","inLanguage":"fr-FR","@id":"https:\/\/www.iipsi.com.br\/fr\/#\/schema\/logo\/image\/","url":"https:\/\/www.iipsi.com.br\/wp-content\/uploads\/2021\/04\/logo-fran-iip.png","contentUrl":"https:\/\/www.iipsi.com.br\/wp-content\/uploads\/2021\/04\/logo-fran-iip.png","width":330,"height":105,"caption":"Instituto Internacional de Psican\u00e1lise"},"image":{"@id":"https:\/\/www.iipsi.com.br\/fr\/#\/schema\/logo\/image\/"},"sameAs":["https:\/\/www.facebook.com\/Instituto-Internacional-de-Psicanlise-154483503074510","https:\/\/www.youtube.com\/channel\/UCpdtZZXQAwCPaiQXuIkEHYQ","https:\/\/www.instagram.com\/iip.psi\/?igshid=9gywb8g42cf2"]}]}},"_links":{"self":[{"href":"https:\/\/www.iipsi.com.br\/fr\/wp-json\/wp\/v2\/pages\/1426","targetHints":{"allow":["GET"]}}],"collection":[{"href":"https:\/\/www.iipsi.com.br\/fr\/wp-json\/wp\/v2\/pages"}],"about":[{"href":"https:\/\/www.iipsi.com.br\/fr\/wp-json\/wp\/v2\/types\/page"}],"author":[{"embeddable":true,"href":"https:\/\/www.iipsi.com.br\/fr\/wp-json\/wp\/v2\/users\/3"}],"replies":[{"embeddable":true,"href":"https:\/\/www.iipsi.com.br\/fr\/wp-json\/wp\/v2\/comments?post=1426"}],"version-history":[{"count":35,"href":"https:\/\/www.iipsi.com.br\/fr\/wp-json\/wp\/v2\/pages\/1426\/revisions"}],"predecessor-version":[{"id":10117,"href":"https:\/\/www.iipsi.com.br\/fr\/wp-json\/wp\/v2\/pages\/1426\/revisions\/10117"}],"wp:attachment":[{"href":"https:\/\/www.iipsi.com.br\/fr\/wp-json\/wp\/v2\/media?parent=1426"}],"curies":[{"name":"wp","href":"https:\/\/api.w.org\/{rel}","templated":true}]}}