{"id":1428,"date":"2021-04-01T10:58:24","date_gmt":"2021-04-01T13:58:24","guid":{"rendered":"https:\/\/iipsi.com.br\/a-propos\/"},"modified":"2025-04-04T13:44:37","modified_gmt":"2025-04-04T16:44:37","slug":"a-propos","status":"publish","type":"page","link":"https:\/\/www.iipsi.com.br\/fr\/a-propos\/","title":{"rendered":"\u00c0 propos-iip"},"content":{"rendered":"\t\t<div data-elementor-type=\"wp-page\" data-elementor-id=\"1428\" class=\"elementor elementor-1428\" data-elementor-post-type=\"page\">\n\t\t\t\t\t\t<section class=\"elementor-section elementor-top-section elementor-element elementor-element-23a76d9 elementor-section-full_width elementor-section-stretched elementor-section-height-default elementor-section-height-default\" data-id=\"23a76d9\" data-element_type=\"section\" data-settings=\"{&quot;stretch_section&quot;:&quot;section-stretched&quot;,&quot;background_background&quot;:&quot;classic&quot;}\">\n\t\t\t\t\t\t<div class=\"elementor-container elementor-column-gap-no\">\n\t\t\t\t\t<div class=\"elementor-column elementor-col-100 elementor-top-column elementor-element elementor-element-8e8f596\" data-id=\"8e8f596\" data-element_type=\"column\" data-settings=\"{&quot;background_background&quot;:&quot;classic&quot;}\">\n\t\t\t<div class=\"elementor-widget-wrap elementor-element-populated\">\n\t\t\t\t\t\t<div class=\"elementor-element elementor-element-8d0ba08 elementor-widget elementor-widget-image\" data-id=\"8d0ba08\" data-element_type=\"widget\" data-widget_type=\"image.default\">\n\t\t\t\t<div class=\"elementor-widget-container\">\n\t\t\t\t\t\t\t\t\t\t\t\t\t\t\t<img fetchpriority=\"high\" decoding=\"async\" width=\"1920\" height=\"800\" src=\"https:\/\/www.iipsi.com.br\/wp-content\/uploads\/2021\/03\/Sobre-nos-IIP.jpg\" class=\"attachment-full size-full wp-image-1382\" alt=\"\u00c0 propos\" srcset=\"https:\/\/www.iipsi.com.br\/wp-content\/uploads\/2021\/03\/Sobre-nos-IIP.jpg 1920w, https:\/\/www.iipsi.com.br\/wp-content\/uploads\/2021\/03\/Sobre-nos-IIP-300x125.jpg 300w, https:\/\/www.iipsi.com.br\/wp-content\/uploads\/2021\/03\/Sobre-nos-IIP-1024x427.jpg 1024w, https:\/\/www.iipsi.com.br\/wp-content\/uploads\/2021\/03\/Sobre-nos-IIP-768x320.jpg 768w, https:\/\/www.iipsi.com.br\/wp-content\/uploads\/2021\/03\/Sobre-nos-IIP-1536x640.jpg 1536w, https:\/\/www.iipsi.com.br\/wp-content\/uploads\/2021\/03\/Sobre-nos-IIP-260x108.jpg 260w, https:\/\/www.iipsi.com.br\/wp-content\/uploads\/2021\/03\/Sobre-nos-IIP-50x21.jpg 50w, https:\/\/www.iipsi.com.br\/wp-content\/uploads\/2021\/03\/Sobre-nos-IIP-150x63.jpg 150w\" sizes=\"(max-width: 1920px) 100vw, 1920px\" \/>\t\t\t\t\t\t\t\t\t\t\t\t\t\t\t<\/div>\n\t\t\t\t<\/div>\n\t\t\t\t\t<\/div>\n\t\t<\/div>\n\t\t\t\t\t<\/div>\n\t\t<\/section>\n\t\t\t\t<section class=\"elementor-section elementor-top-section elementor-element elementor-element-82aba4d elementor-section-stretched elementor-section-boxed elementor-section-height-default elementor-section-height-default\" data-id=\"82aba4d\" data-element_type=\"section\" data-settings=\"{&quot;stretch_section&quot;:&quot;section-stretched&quot;,&quot;background_background&quot;:&quot;classic&quot;}\">\n\t\t\t\t\t\t<div class=\"elementor-container elementor-column-gap-wider\">\n\t\t\t\t\t<div class=\"elementor-column elementor-col-100 elementor-top-column elementor-element elementor-element-340025e8\" data-id=\"340025e8\" data-element_type=\"column\">\n\t\t\t<div class=\"elementor-widget-wrap elementor-element-populated\">\n\t\t\t\t\t\t<section class=\"elementor-section elementor-inner-section elementor-element elementor-element-1de0d64a elementor-section-boxed elementor-section-height-default elementor-section-height-default\" data-id=\"1de0d64a\" data-element_type=\"section\">\n\t\t\t\t\t\t<div class=\"elementor-container elementor-column-gap-default\">\n\t\t\t\t\t<div class=\"elementor-column elementor-col-100 elementor-inner-column elementor-element elementor-element-39675074\" data-id=\"39675074\" data-element_type=\"column\">\n\t\t\t<div class=\"elementor-widget-wrap elementor-element-populated\">\n\t\t\t\t\t\t<div class=\"elementor-element elementor-element-5dadd820 elementor-widget elementor-widget-text-editor\" data-id=\"5dadd820\" data-element_type=\"widget\" data-widget_type=\"text-editor.default\">\n\t\t\t\t<div class=\"elementor-widget-container\">\n\t\t\t\t\t\t\t\t\t<h3 style=\"text-align: center;\"><span style=\"color: #f09c49;\">\u00c0 propos<\/span><\/h3>\t\t\t\t\t\t\t\t<\/div>\n\t\t\t\t<\/div>\n\t\t\t\t\t<\/div>\n\t\t<\/div>\n\t\t\t\t\t<\/div>\n\t\t<\/section>\n\t\t\t\t\t<\/div>\n\t\t<\/div>\n\t\t\t\t\t<\/div>\n\t\t<\/section>\n\t\t\t\t<section class=\"elementor-section elementor-top-section elementor-element elementor-element-135273e1 elementor-section-stretched elementor-section-boxed elementor-section-height-default elementor-section-height-default\" data-id=\"135273e1\" data-element_type=\"section\" data-settings=\"{&quot;stretch_section&quot;:&quot;section-stretched&quot;,&quot;background_background&quot;:&quot;classic&quot;}\">\n\t\t\t\t\t\t<div class=\"elementor-container elementor-column-gap-wider\">\n\t\t\t\t\t<div class=\"elementor-column elementor-col-100 elementor-top-column elementor-element elementor-element-7adbe32b\" data-id=\"7adbe32b\" data-element_type=\"column\">\n\t\t\t<div class=\"elementor-widget-wrap elementor-element-populated\">\n\t\t\t\t\t\t<section class=\"elementor-section elementor-inner-section elementor-element elementor-element-47ced01b elementor-section-boxed elementor-section-height-default elementor-section-height-default\" data-id=\"47ced01b\" data-element_type=\"section\">\n\t\t\t\t\t\t<div class=\"elementor-container elementor-column-gap-default\">\n\t\t\t\t\t<div class=\"elementor-column elementor-col-100 elementor-inner-column elementor-element elementor-element-7997f44e\" data-id=\"7997f44e\" data-element_type=\"column\">\n\t\t\t<div class=\"elementor-widget-wrap elementor-element-populated\">\n\t\t\t\t\t\t<div class=\"elementor-element elementor-element-5441cffe elementor-widget elementor-widget-text-editor\" data-id=\"5441cffe\" data-element_type=\"widget\" data-widget_type=\"text-editor.default\">\n\t\t\t\t<div class=\"elementor-widget-container\">\n\t\t\t\t\t\t\t\t\t<p style=\"text-align: justify;\"><span style=\"color: #263a53;\"><span style=\"font-size: 18.3333px;\"><br \/>L\u2019&rsquo;IIP est entour\u00e9e de professionnels aux parcours aussi vari\u00e9s que notre proposition. <a href=\"https:\/\/iipsi.com.br\/fr\/non-classifiee\/benoit-le-bouteiller-franca-brasil\/\">Beno\u00eet Le Bouteiller<\/a> est \u00e0 la t\u00eate de l&rsquo;Institut et fait \u00e9galement partie de l&rsquo;\u00e9quipe de la formation compos\u00e9e <a href=\"https:\/\/iipsi.com.br\/fr\/professeurs\/\"><span style=\"font-weight: 400;\">d\u2019enseigna<\/span><span style=\"font-weight: 400;\">nt\u00b7e<\/span><span style=\"font-weight: 400;\">s &#8211; chercheur<\/span><span style=\"font-weight: 400;\">\u00b7<\/span><\/a><a href=\"https:\/\/iipsi.com.br\/fr\/professeurs\/\"><span style=\"font-weight: 400;\">euses<\/span><\/a> ayant diff\u00e9rentes sp\u00e9cialisations dans le domaine de la psychanalyse. L&rsquo;\u00e9quipe vous r\u00e9pond en portugais, en anglais et en fran\u00e7ais. Nous avons \u00e9galement un r\u00e9seau de collaborateur<span style=\"font-weight: 400;\">\u00b7ices<\/span>, dont des artistes et des penseur<span style=\"font-weight: 400;\">\u00b7euses<\/span>, qui se rencontrent en fonction de chaque projet organis\u00e9 par l&rsquo;IIP.<\/span><\/span><\/p>\t\t\t\t\t\t\t\t<\/div>\n\t\t\t\t<\/div>\n\t\t\t\t\t<\/div>\n\t\t<\/div>\n\t\t\t\t\t<\/div>\n\t\t<\/section>\n\t\t\t\t\t<\/div>\n\t\t<\/div>\n\t\t\t\t\t<\/div>\n\t\t<\/section>\n\t\t\t\t<section class=\"elementor-section elementor-top-section elementor-element elementor-element-6ae9c6dd elementor-section-boxed elementor-section-height-default elementor-section-height-default\" data-id=\"6ae9c6dd\" data-element_type=\"section\">\n\t\t\t\t\t\t<div class=\"elementor-container elementor-column-gap-default\">\n\t\t\t\t\t<div class=\"elementor-column elementor-col-100 elementor-top-column elementor-element elementor-element-d9db7fa\" data-id=\"d9db7fa\" data-element_type=\"column\">\n\t\t\t<div class=\"elementor-widget-wrap elementor-element-populated\">\n\t\t\t\t\t\t<div class=\"elementor-element elementor-element-eee9ee8 elementor-widget-divider--view-line_text elementor-widget-divider--element-align-center elementor-widget elementor-widget-divider\" data-id=\"eee9ee8\" data-element_type=\"widget\" data-widget_type=\"divider.default\">\n\t\t\t\t<div class=\"elementor-widget-container\">\n\t\t\t\t\t\t\t<div class=\"elementor-divider\">\n\t\t\t<span class=\"elementor-divider-separator\">\n\t\t\t\t\t\t\t<h2 class=\"elementor-divider__text elementor-divider__element\">\n\t\t\t\tEquipe\t\t\t\t<\/h2>\n\t\t\t\t\t\t<\/span>\n\t\t<\/div>\n\t\t\t\t\t\t<\/div>\n\t\t\t\t<\/div>\n\t\t\t\t\t<\/div>\n\t\t<\/div>\n\t\t\t\t\t<\/div>\n\t\t<\/section>\n\t\t\t\t<section class=\"elementor-section elementor-top-section elementor-element elementor-element-59a51d39 elementor-section-stretched elementor-section-boxed elementor-section-height-default elementor-section-height-default\" data-id=\"59a51d39\" data-element_type=\"section\" data-settings=\"{&quot;stretch_section&quot;:&quot;section-stretched&quot;,&quot;background_background&quot;:&quot;classic&quot;}\">\n\t\t\t\t\t\t<div class=\"elementor-container elementor-column-gap-wider\">\n\t\t\t\t\t<div class=\"elementor-column elementor-col-33 elementor-top-column elementor-element elementor-element-40165fdf\" data-id=\"40165fdf\" data-element_type=\"column\">\n\t\t\t<div class=\"elementor-widget-wrap elementor-element-populated\">\n\t\t\t\t\t\t<div class=\"elementor-element elementor-element-50732d74 elementor-widget elementor-widget-mfn_our_team\" data-id=\"50732d74\" data-element_type=\"widget\" data-widget_type=\"mfn_our_team.default\">\n\t\t\t\t<div class=\"elementor-widget-container\">\n\t\t\t\t\t<div class=\"team team_vertical\"><div class=\"image_frame photo no_link scale-with-grid\"><div class=\"image_wrapper\"><img decoding=\"async\" class=\"scale-with-grid\" src=\"https:\/\/iipsi.com.br\/wp-content\/uploads\/2021\/03\/benoit.png\" alt=\"Benoit\" width=\"400\" height=\"100\"\/><\/div><\/div><div class=\"desc_wrapper\"><hr class=\"hr_color\" \/><div class=\"desc\"><p style=\"text-align: center;\"><b>Beno\u00eet Le Bouteiller<\/b> | Direction\n<\/p><\/div><\/div><\/div>\n\t\t\t\t<\/div>\n\t\t\t\t<\/div>\n\t\t\t\t\t<\/div>\n\t\t<\/div>\n\t\t\t\t<div class=\"elementor-column elementor-col-33 elementor-top-column elementor-element elementor-element-1a05a6cf\" data-id=\"1a05a6cf\" data-element_type=\"column\">\n\t\t\t<div class=\"elementor-widget-wrap elementor-element-populated\">\n\t\t\t\t\t\t<div class=\"elementor-element elementor-element-69cde152 elementor-widget elementor-widget-mfn_our_team\" data-id=\"69cde152\" data-element_type=\"widget\" data-widget_type=\"mfn_our_team.default\">\n\t\t\t\t<div class=\"elementor-widget-container\">\n\t\t\t\t\t<div class=\"team team_vertical\"><div class=\"image_frame photo no_link scale-with-grid\"><div class=\"image_wrapper\"><img decoding=\"async\" class=\"scale-with-grid\" src=\"https:\/\/iipsi.com.br\/wp-content\/uploads\/2021\/03\/dorothe-1.png\" alt=\"dorothe\" width=\"400\" height=\"100\"\/><\/div><\/div><div class=\"desc_wrapper\"><hr class=\"hr_color\" \/><div class=\"desc\"><p style=\"text-align: center;\"><b>doroth\u00e9 Depeauw<\/b> | <span style=\"font-weight: 400;\">Assistant Ex\u00e9cutif<\/span><br \/>dorothe.depeauw@iipsi.com.br<\/p><\/div><\/div><\/div>\n\t\t\t\t<\/div>\n\t\t\t\t<\/div>\n\t\t\t\t\t<\/div>\n\t\t<\/div>\n\t\t\t\t<div class=\"elementor-column elementor-col-33 elementor-top-column elementor-element elementor-element-19819eed\" data-id=\"19819eed\" data-element_type=\"column\">\n\t\t\t<div class=\"elementor-widget-wrap elementor-element-populated\">\n\t\t\t\t\t\t<div class=\"elementor-element elementor-element-34060a2 elementor-widget elementor-widget-mfn_our_team\" data-id=\"34060a2\" data-element_type=\"widget\" data-widget_type=\"mfn_our_team.default\">\n\t\t\t\t<div class=\"elementor-widget-container\">\n\t\t\t\t\t<div class=\"team team_vertical\"><div class=\"image_frame photo no_link scale-with-grid\"><div class=\"image_wrapper\"><img loading=\"lazy\" decoding=\"async\" class=\"scale-with-grid\" src=\"https:\/\/iipsi.com.br\/wp-content\/uploads\/2021\/06\/gab-site-iip.jpg\" alt=\"gab site iip\" width=\"400\" height=\"100\"\/><\/div><\/div><div class=\"desc_wrapper\"><hr class=\"hr_color\" \/><div class=\"desc\"><p style=\"text-align: center;\"><b>Gabriel da Luz<\/b> | <span style=\"font-weight: 400;\">Assistant Ex\u00e9cutif<\/span><br \/>gabriel@iipsi.com.br<\/p><\/div><\/div><\/div>\n\t\t\t\t<\/div>\n\t\t\t\t<\/div>\n\t\t\t\t\t<\/div>\n\t\t<\/div>\n\t\t\t\t\t<\/div>\n\t\t<\/section>\n\t\t\t\t<section class=\"elementor-section elementor-top-section elementor-element elementor-element-2615ef2e elementor-section-stretched elementor-section-boxed elementor-section-height-default elementor-section-height-default\" data-id=\"2615ef2e\" data-element_type=\"section\" data-settings=\"{&quot;stretch_section&quot;:&quot;section-stretched&quot;,&quot;background_background&quot;:&quot;classic&quot;}\">\n\t\t\t\t\t\t<div class=\"elementor-container elementor-column-gap-wider\">\n\t\t\t\t\t<div class=\"elementor-column elementor-col-33 elementor-top-column elementor-element elementor-element-36cd57c1\" data-id=\"36cd57c1\" data-element_type=\"column\">\n\t\t\t<div class=\"elementor-widget-wrap elementor-element-populated\">\n\t\t\t\t\t\t<div class=\"elementor-element elementor-element-83ac1ec elementor-widget elementor-widget-mfn_our_team\" data-id=\"83ac1ec\" data-element_type=\"widget\" data-widget_type=\"mfn_our_team.default\">\n\t\t\t\t<div class=\"elementor-widget-container\">\n\t\t\t\t\t<div class=\"team team_vertical\"><div class=\"image_frame photo no_link scale-with-grid\"><div class=\"image_wrapper\"><img loading=\"lazy\" decoding=\"async\" class=\"scale-with-grid\" src=\"https:\/\/iipsi.com.br\/wp-content\/uploads\/2021\/03\/raquel.png\" alt=\"Raquel\" width=\"400\" height=\"100\"\/><\/div><\/div><div class=\"desc_wrapper\"><hr class=\"hr_color\" \/><div class=\"desc\"><p style=\"text-align: center;\"><b>Raquel Viana<\/b> | <span style=\"font-weight: 400;\">Responsable financi\u00e8re<\/span><br \/>raquel.viana@iipsi.com.br<\/p><\/div><\/div><\/div>\n\t\t\t\t<\/div>\n\t\t\t\t<\/div>\n\t\t\t\t\t<\/div>\n\t\t<\/div>\n\t\t\t\t<div class=\"elementor-column elementor-col-33 elementor-top-column elementor-element elementor-element-6d797a0\" data-id=\"6d797a0\" data-element_type=\"column\">\n\t\t\t<div class=\"elementor-widget-wrap elementor-element-populated\">\n\t\t\t\t\t\t<div class=\"elementor-element elementor-element-64f9233f elementor-widget elementor-widget-mfn_our_team\" data-id=\"64f9233f\" data-element_type=\"widget\" data-widget_type=\"mfn_our_team.default\">\n\t\t\t\t<div class=\"elementor-widget-container\">\n\t\t\t\t\t<div class=\"team team_vertical\"><div class=\"image_frame photo no_link scale-with-grid\"><div class=\"image_wrapper\"><img loading=\"lazy\" decoding=\"async\" class=\"scale-with-grid\" src=\"https:\/\/iipsi.com.br\/wp-content\/uploads\/2021\/06\/dayo-site-iip.png\" alt=\"dayo site iip\" width=\"400\" height=\"100\"\/><\/div><\/div><div class=\"desc_wrapper\"><hr class=\"hr_color\" \/><div class=\"desc\"><p style=\"text-align: center;\"><b>Dayo Comunica\u00e7\u00e3o<\/b> | Art graphique et m\u00e9dias sociaux<\/p><\/div><\/div><\/div>\n\t\t\t\t<\/div>\n\t\t\t\t<\/div>\n\t\t\t\t\t<\/div>\n\t\t<\/div>\n\t\t\t\t<div class=\"elementor-column elementor-col-33 elementor-top-column elementor-element elementor-element-38563e64\" data-id=\"38563e64\" data-element_type=\"column\">\n\t\t\t<div class=\"elementor-widget-wrap\">\n\t\t\t\t\t\t\t<\/div>\n\t\t<\/div>\n\t\t\t\t\t<\/div>\n\t\t<\/section>\n\t\t\t\t<\/div>\n\t\t","protected":false},"excerpt":{"rendered":"<p>\u00c0 propos L\u2019&rsquo;IIP est entour\u00e9e de professionnels aux parcours aussi vari\u00e9s que notre proposition. Beno\u00eet Le Bouteiller est \u00e0 la t\u00eate de l&rsquo;Institut et fait \u00e9galement partie de l&rsquo;\u00e9quipe de la formation compos\u00e9e d\u2019enseignant\u00b7es<span class=\"excerpt-hellip\"> [\u2026]<\/span><\/p>\n","protected":false},"author":3,"featured_media":0,"parent":0,"menu_order":0,"comment_status":"closed","ping_status":"closed","template":"","meta":{"footnotes":""},"class_list":["post-1428","page","type-page","status-publish","hentry"],"yoast_head":"<!-- This site is optimized with the Yoast SEO plugin v26.0 - https:\/\/yoast.com\/wordpress\/plugins\/seo\/ -->\n<title>\u00c0 propos-iip - Instituto Internacional de Psican\u00e1lise<\/title>\n<meta name=\"robots\" content=\"index, follow, max-snippet:-1, max-image-preview:large, max-video-preview:-1\" \/>\n<link rel=\"canonical\" href=\"https:\/\/www.iipsi.com.br\/sobre-nos\/\" \/>\n<meta property=\"og:locale\" content=\"fr_FR\" \/>\n<meta property=\"og:type\" content=\"article\" \/>\n<meta property=\"og:title\" content=\"\u00c0 propos-iip - Instituto Internacional de Psican\u00e1lise\" \/>\n<meta property=\"og:description\" content=\"\u00c0 propos L\u2019&rsquo;IIP est entour\u00e9e de professionnels aux parcours aussi vari\u00e9s que notre proposition. Beno\u00eet Le Bouteiller est \u00e0 la t\u00eate de l&rsquo;Institut et fait \u00e9galement partie de l&rsquo;\u00e9quipe de la formation compos\u00e9e d\u2019enseignant\u00b7es [\u2026]\" \/>\n<meta property=\"og:url\" content=\"https:\/\/www.iipsi.com.br\/sobre-nos\/\" \/>\n<meta property=\"og:site_name\" content=\"Instituto Internacional de Psican\u00e1lise\" \/>\n<meta property=\"article:publisher\" content=\"https:\/\/www.facebook.com\/Instituto-Internacional-de-Psicanlise-154483503074510\" \/>\n<meta property=\"article:modified_time\" content=\"2025-04-04T16:44:37+00:00\" \/>\n<meta property=\"og:image\" content=\"https:\/\/iipsi.com.br\/wp-content\/uploads\/2021\/03\/Sobre-nos-IIP.jpg\" \/>\n<meta name=\"twitter:card\" content=\"summary_large_image\" \/>\n<meta name=\"twitter:label1\" content=\"Dur\u00e9e de lecture estim\u00e9e\" \/>\n\t<meta name=\"twitter:data1\" content=\"1 minute\" \/>\n<script type=\"application\/ld+json\" class=\"yoast-schema-graph\">{\"@context\":\"https:\/\/schema.org\",\"@graph\":[{\"@type\":\"WebPage\",\"@id\":\"https:\/\/www.iipsi.com.br\/sobre-nos\/\",\"url\":\"https:\/\/www.iipsi.com.br\/sobre-nos\/\",\"name\":\"\u00c0 propos-iip - Instituto Internacional de Psican\u00e1lise\",\"isPartOf\":{\"@id\":\"https:\/\/www.iipsi.com.br\/fr\/#website\"},\"primaryImageOfPage\":{\"@id\":\"https:\/\/www.iipsi.com.br\/sobre-nos\/#primaryimage\"},\"image\":{\"@id\":\"https:\/\/www.iipsi.com.br\/sobre-nos\/#primaryimage\"},\"thumbnailUrl\":\"https:\/\/iipsi.com.br\/wp-content\/uploads\/2021\/03\/Sobre-nos-IIP.jpg\",\"datePublished\":\"2021-04-01T13:58:24+00:00\",\"dateModified\":\"2025-04-04T16:44:37+00:00\",\"breadcrumb\":{\"@id\":\"https:\/\/www.iipsi.com.br\/sobre-nos\/#breadcrumb\"},\"inLanguage\":\"fr-FR\",\"potentialAction\":[{\"@type\":\"ReadAction\",\"target\":[\"https:\/\/www.iipsi.com.br\/sobre-nos\/\"]}]},{\"@type\":\"ImageObject\",\"inLanguage\":\"fr-FR\",\"@id\":\"https:\/\/www.iipsi.com.br\/sobre-nos\/#primaryimage\",\"url\":\"https:\/\/iipsi.com.br\/wp-content\/uploads\/2021\/03\/Sobre-nos-IIP.jpg\",\"contentUrl\":\"https:\/\/iipsi.com.br\/wp-content\/uploads\/2021\/03\/Sobre-nos-IIP.jpg\"},{\"@type\":\"BreadcrumbList\",\"@id\":\"https:\/\/www.iipsi.com.br\/sobre-nos\/#breadcrumb\",\"itemListElement\":[{\"@type\":\"ListItem\",\"position\":1,\"name\":\"In\u00edcio\",\"item\":\"https:\/\/www.iipsi.com.br\/fr\/\"},{\"@type\":\"ListItem\",\"position\":2,\"name\":\"\u00c0 propos-iip\"}]},{\"@type\":\"WebSite\",\"@id\":\"https:\/\/www.iipsi.com.br\/fr\/#website\",\"url\":\"https:\/\/www.iipsi.com.br\/fr\/\",\"name\":\"Instituto Internacional de Psican\u00e1lise\",\"description\":\"Instituto Internacional de Psican\u00e1lise\",\"publisher\":{\"@id\":\"https:\/\/www.iipsi.com.br\/fr\/#organization\"},\"potentialAction\":[{\"@type\":\"SearchAction\",\"target\":{\"@type\":\"EntryPoint\",\"urlTemplate\":\"https:\/\/www.iipsi.com.br\/fr\/?s={search_term_string}\"},\"query-input\":{\"@type\":\"PropertyValueSpecification\",\"valueRequired\":true,\"valueName\":\"search_term_string\"}}],\"inLanguage\":\"fr-FR\"},{\"@type\":\"Organization\",\"@id\":\"https:\/\/www.iipsi.com.br\/fr\/#organization\",\"name\":\"Instituto Internacional de Psican\u00e1lise\",\"url\":\"https:\/\/www.iipsi.com.br\/fr\/\",\"logo\":{\"@type\":\"ImageObject\",\"inLanguage\":\"fr-FR\",\"@id\":\"https:\/\/www.iipsi.com.br\/fr\/#\/schema\/logo\/image\/\",\"url\":\"https:\/\/www.iipsi.com.br\/wp-content\/uploads\/2021\/04\/logo-fran-iip.png\",\"contentUrl\":\"https:\/\/www.iipsi.com.br\/wp-content\/uploads\/2021\/04\/logo-fran-iip.png\",\"width\":330,\"height\":105,\"caption\":\"Instituto Internacional de Psican\u00e1lise\"},\"image\":{\"@id\":\"https:\/\/www.iipsi.com.br\/fr\/#\/schema\/logo\/image\/\"},\"sameAs\":[\"https:\/\/www.facebook.com\/Instituto-Internacional-de-Psicanlise-154483503074510\",\"https:\/\/www.youtube.com\/channel\/UCpdtZZXQAwCPaiQXuIkEHYQ\",\"https:\/\/www.instagram.com\/iip.psi\/?igshid=9gywb8g42cf2\"]}]}<\/script>\n<!-- \/ Yoast SEO plugin. -->","yoast_head_json":{"title":"\u00c0 propos-iip - Instituto Internacional de Psican\u00e1lise","robots":{"index":"index","follow":"follow","max-snippet":"max-snippet:-1","max-image-preview":"max-image-preview:large","max-video-preview":"max-video-preview:-1"},"canonical":"https:\/\/www.iipsi.com.br\/sobre-nos\/","og_locale":"fr_FR","og_type":"article","og_title":"\u00c0 propos-iip - Instituto Internacional de Psican\u00e1lise","og_description":"\u00c0 propos L\u2019&rsquo;IIP est entour\u00e9e de professionnels aux parcours aussi vari\u00e9s que notre proposition. Beno\u00eet Le Bouteiller est \u00e0 la t\u00eate de l&rsquo;Institut et fait \u00e9galement partie de l&rsquo;\u00e9quipe de la formation compos\u00e9e d\u2019enseignant\u00b7es [\u2026]","og_url":"https:\/\/www.iipsi.com.br\/sobre-nos\/","og_site_name":"Instituto Internacional de Psican\u00e1lise","article_publisher":"https:\/\/www.facebook.com\/Instituto-Internacional-de-Psicanlise-154483503074510","article_modified_time":"2025-04-04T16:44:37+00:00","og_image":[{"url":"https:\/\/iipsi.com.br\/wp-content\/uploads\/2021\/03\/Sobre-nos-IIP.jpg","type":"","width":"","height":""}],"twitter_card":"summary_large_image","twitter_misc":{"Dur\u00e9e de lecture estim\u00e9e":"1 minute"},"schema":{"@context":"https:\/\/schema.org","@graph":[{"@type":"WebPage","@id":"https:\/\/www.iipsi.com.br\/sobre-nos\/","url":"https:\/\/www.iipsi.com.br\/sobre-nos\/","name":"\u00c0 propos-iip - Instituto Internacional de Psican\u00e1lise","isPartOf":{"@id":"https:\/\/www.iipsi.com.br\/fr\/#website"},"primaryImageOfPage":{"@id":"https:\/\/www.iipsi.com.br\/sobre-nos\/#primaryimage"},"image":{"@id":"https:\/\/www.iipsi.com.br\/sobre-nos\/#primaryimage"},"thumbnailUrl":"https:\/\/iipsi.com.br\/wp-content\/uploads\/2021\/03\/Sobre-nos-IIP.jpg","datePublished":"2021-04-01T13:58:24+00:00","dateModified":"2025-04-04T16:44:37+00:00","breadcrumb":{"@id":"https:\/\/www.iipsi.com.br\/sobre-nos\/#breadcrumb"},"inLanguage":"fr-FR","potentialAction":[{"@type":"ReadAction","target":["https:\/\/www.iipsi.com.br\/sobre-nos\/"]}]},{"@type":"ImageObject","inLanguage":"fr-FR","@id":"https:\/\/www.iipsi.com.br\/sobre-nos\/#primaryimage","url":"https:\/\/iipsi.com.br\/wp-content\/uploads\/2021\/03\/Sobre-nos-IIP.jpg","contentUrl":"https:\/\/iipsi.com.br\/wp-content\/uploads\/2021\/03\/Sobre-nos-IIP.jpg"},{"@type":"BreadcrumbList","@id":"https:\/\/www.iipsi.com.br\/sobre-nos\/#breadcrumb","itemListElement":[{"@type":"ListItem","position":1,"name":"In\u00edcio","item":"https:\/\/www.iipsi.com.br\/fr\/"},{"@type":"ListItem","position":2,"name":"\u00c0 propos-iip"}]},{"@type":"WebSite","@id":"https:\/\/www.iipsi.com.br\/fr\/#website","url":"https:\/\/www.iipsi.com.br\/fr\/","name":"Instituto Internacional de Psican\u00e1lise","description":"Instituto Internacional de Psican\u00e1lise","publisher":{"@id":"https:\/\/www.iipsi.com.br\/fr\/#organization"},"potentialAction":[{"@type":"SearchAction","target":{"@type":"EntryPoint","urlTemplate":"https:\/\/www.iipsi.com.br\/fr\/?s={search_term_string}"},"query-input":{"@type":"PropertyValueSpecification","valueRequired":true,"valueName":"search_term_string"}}],"inLanguage":"fr-FR"},{"@type":"Organization","@id":"https:\/\/www.iipsi.com.br\/fr\/#organization","name":"Instituto Internacional de Psican\u00e1lise","url":"https:\/\/www.iipsi.com.br\/fr\/","logo":{"@type":"ImageObject","inLanguage":"fr-FR","@id":"https:\/\/www.iipsi.com.br\/fr\/#\/schema\/logo\/image\/","url":"https:\/\/www.iipsi.com.br\/wp-content\/uploads\/2021\/04\/logo-fran-iip.png","contentUrl":"https:\/\/www.iipsi.com.br\/wp-content\/uploads\/2021\/04\/logo-fran-iip.png","width":330,"height":105,"caption":"Instituto Internacional de Psican\u00e1lise"},"image":{"@id":"https:\/\/www.iipsi.com.br\/fr\/#\/schema\/logo\/image\/"},"sameAs":["https:\/\/www.facebook.com\/Instituto-Internacional-de-Psicanlise-154483503074510","https:\/\/www.youtube.com\/channel\/UCpdtZZXQAwCPaiQXuIkEHYQ","https:\/\/www.instagram.com\/iip.psi\/?igshid=9gywb8g42cf2"]}]}},"_links":{"self":[{"href":"https:\/\/www.iipsi.com.br\/fr\/wp-json\/wp\/v2\/pages\/1428","targetHints":{"allow":["GET"]}}],"collection":[{"href":"https:\/\/www.iipsi.com.br\/fr\/wp-json\/wp\/v2\/pages"}],"about":[{"href":"https:\/\/www.iipsi.com.br\/fr\/wp-json\/wp\/v2\/types\/page"}],"author":[{"embeddable":true,"href":"https:\/\/www.iipsi.com.br\/fr\/wp-json\/wp\/v2\/users\/3"}],"replies":[{"embeddable":true,"href":"https:\/\/www.iipsi.com.br\/fr\/wp-json\/wp\/v2\/comments?post=1428"}],"version-history":[{"count":30,"href":"https:\/\/www.iipsi.com.br\/fr\/wp-json\/wp\/v2\/pages\/1428\/revisions"}],"predecessor-version":[{"id":10120,"href":"https:\/\/www.iipsi.com.br\/fr\/wp-json\/wp\/v2\/pages\/1428\/revisions\/10120"}],"wp:attachment":[{"href":"https:\/\/www.iipsi.com.br\/fr\/wp-json\/wp\/v2\/media?parent=1428"}],"curies":[{"name":"wp","href":"https:\/\/api.w.org\/{rel}","templated":true}]}}