{"id":2620,"date":"2021-05-06T18:34:30","date_gmt":"2021-05-06T21:34:30","guid":{"rendered":"https:\/\/iipsi.com.br\/contact\/"},"modified":"2021-05-06T18:34:30","modified_gmt":"2021-05-06T21:34:30","slug":"contact","status":"publish","type":"page","link":"https:\/\/www.iipsi.com.br\/fr\/contact\/","title":{"rendered":"Contact"},"content":{"rendered":"\t\t<div data-elementor-type=\"wp-page\" data-elementor-id=\"2620\" class=\"elementor elementor-2620\" data-elementor-post-type=\"page\">\n\t\t\t\t\t\t<section class=\"elementor-section elementor-top-section elementor-element elementor-element-110920ed elementor-section-full_width elementor-section-stretched elementor-section-height-default elementor-section-height-default\" data-id=\"110920ed\" data-element_type=\"section\" data-settings=\"{&quot;stretch_section&quot;:&quot;section-stretched&quot;,&quot;background_background&quot;:&quot;classic&quot;}\">\n\t\t\t\t\t\t<div class=\"elementor-container elementor-column-gap-no\">\n\t\t\t\t\t<div class=\"elementor-column elementor-col-100 elementor-top-column elementor-element elementor-element-7879a72a\" data-id=\"7879a72a\" data-element_type=\"column\" data-settings=\"{&quot;background_background&quot;:&quot;classic&quot;}\">\n\t\t\t<div class=\"elementor-widget-wrap elementor-element-populated\">\n\t\t\t\t\t\t<div class=\"elementor-element elementor-element-623d0619 elementor-widget elementor-widget-image\" data-id=\"623d0619\" data-element_type=\"widget\" data-widget_type=\"image.default\">\n\t\t\t\t<div class=\"elementor-widget-container\">\n\t\t\t\t\t\t\t\t\t\t\t\t\t\t\t<img fetchpriority=\"high\" decoding=\"async\" width=\"1920\" height=\"800\" src=\"https:\/\/www.iipsi.com.br\/wp-content\/uploads\/2021\/04\/Contato-IIP.jpg\" class=\"attachment-full size-full wp-image-1978\" alt=\"\" srcset=\"https:\/\/www.iipsi.com.br\/wp-content\/uploads\/2021\/04\/Contato-IIP.jpg 1920w, https:\/\/www.iipsi.com.br\/wp-content\/uploads\/2021\/04\/Contato-IIP-300x125.jpg 300w, https:\/\/www.iipsi.com.br\/wp-content\/uploads\/2021\/04\/Contato-IIP-1024x427.jpg 1024w, https:\/\/www.iipsi.com.br\/wp-content\/uploads\/2021\/04\/Contato-IIP-768x320.jpg 768w, https:\/\/www.iipsi.com.br\/wp-content\/uploads\/2021\/04\/Contato-IIP-1536x640.jpg 1536w, https:\/\/www.iipsi.com.br\/wp-content\/uploads\/2021\/04\/Contato-IIP-260x108.jpg 260w, https:\/\/www.iipsi.com.br\/wp-content\/uploads\/2021\/04\/Contato-IIP-50x21.jpg 50w, https:\/\/www.iipsi.com.br\/wp-content\/uploads\/2021\/04\/Contato-IIP-150x63.jpg 150w\" sizes=\"(max-width: 1920px) 100vw, 1920px\" \/>\t\t\t\t\t\t\t\t\t\t\t\t\t\t\t<\/div>\n\t\t\t\t<\/div>\n\t\t\t\t\t<\/div>\n\t\t<\/div>\n\t\t\t\t\t<\/div>\n\t\t<\/section>\n\t\t\t\t<section class=\"elementor-section elementor-top-section elementor-element elementor-element-3db36a16 elementor-section-stretched elementor-section-boxed elementor-section-height-default elementor-section-height-default\" data-id=\"3db36a16\" data-element_type=\"section\" data-settings=\"{&quot;stretch_section&quot;:&quot;section-stretched&quot;,&quot;background_background&quot;:&quot;classic&quot;}\">\n\t\t\t\t\t\t<div class=\"elementor-container elementor-column-gap-wider\">\n\t\t\t\t\t<div class=\"elementor-column elementor-col-100 elementor-top-column elementor-element elementor-element-127867a8\" data-id=\"127867a8\" data-element_type=\"column\">\n\t\t\t<div class=\"elementor-widget-wrap elementor-element-populated\">\n\t\t\t\t\t\t<section class=\"elementor-section elementor-inner-section elementor-element elementor-element-36c70030 elementor-section-boxed elementor-section-height-default elementor-section-height-default\" data-id=\"36c70030\" data-element_type=\"section\">\n\t\t\t\t\t\t<div class=\"elementor-container elementor-column-gap-default\">\n\t\t\t\t\t<div class=\"elementor-column elementor-col-100 elementor-inner-column elementor-element elementor-element-51f21fc2\" data-id=\"51f21fc2\" data-element_type=\"column\">\n\t\t\t<div class=\"elementor-widget-wrap elementor-element-populated\">\n\t\t\t\t\t\t<div class=\"elementor-element elementor-element-414e8b41 elementor-widget elementor-widget-text-editor\" data-id=\"414e8b41\" data-element_type=\"widget\" data-widget_type=\"text-editor.default\">\n\t\t\t\t<div class=\"elementor-widget-container\">\n\t\t\t\t\t\t\t\t\t<h3 style=\"text-align: center;\"><span style=\"color: #f09c49;\">Contato<\/span><\/h3>\n\t\t\t\t\t\t\t\t<\/div>\n\t\t\t\t<\/div>\n\t\t\t\t\t<\/div>\n\t\t<\/div>\n\t\t\t\t\t<\/div>\n\t\t<\/section>\n\t\t\t\t\t<\/div>\n\t\t<\/div>\n\t\t\t\t\t<\/div>\n\t\t<\/section>\n\t\t\t\t<section class=\"elementor-section elementor-top-section elementor-element elementor-element-5a597ef6 elementor-section-stretched elementor-section-boxed elementor-section-height-default elementor-section-height-default\" data-id=\"5a597ef6\" data-element_type=\"section\" data-settings=\"{&quot;stretch_section&quot;:&quot;section-stretched&quot;,&quot;background_background&quot;:&quot;classic&quot;}\">\n\t\t\t\t\t\t<div class=\"elementor-container elementor-column-gap-wider\">\n\t\t\t\t\t<div class=\"elementor-column elementor-col-100 elementor-top-column elementor-element elementor-element-34e37895\" data-id=\"34e37895\" data-element_type=\"column\">\n\t\t\t<div class=\"elementor-widget-wrap elementor-element-populated\">\n\t\t\t\t\t\t<section class=\"elementor-section elementor-inner-section elementor-element elementor-element-701d3fa8 elementor-section-boxed elementor-section-height-default elementor-section-height-default\" data-id=\"701d3fa8\" data-element_type=\"section\">\n\t\t\t\t\t\t<div class=\"elementor-container elementor-column-gap-default\">\n\t\t\t\t\t<div class=\"elementor-column elementor-col-100 elementor-inner-column elementor-element elementor-element-285611d8\" data-id=\"285611d8\" data-element_type=\"column\">\n\t\t\t<div class=\"elementor-widget-wrap elementor-element-populated\">\n\t\t\t\t\t\t<div class=\"elementor-element elementor-element-394703d6 elementor-widget elementor-widget-text-editor\" data-id=\"394703d6\" data-element_type=\"widget\" data-widget_type=\"text-editor.default\">\n\t\t\t\t<div class=\"elementor-widget-container\">\n\t\t\t\t\t\t\t\t\t<p style=\"text-align: left;\"><b style=\"font-size: 16.3333px; color: #263a53; letter-spacing: 0px;\">Para mais informa\u00e7\u00f5es, estamos dispon\u00edveis no e-mail abaixo:\u00a0<\/b><\/p>\n<p style=\"text-align: left;\"><span style=\"color: #263a53;\"><span style=\"font-size: 16.3333px;\">info@iipsi.com.br<br \/><\/span><\/span><\/p>\n<p style=\"text-align: left;\"><span style=\"color: #263a53;\"><span style=\"font-size: 16.3333px;\">\u00a0<\/span><\/span><\/p>\n\t\t\t\t\t\t\t\t<\/div>\n\t\t\t\t<\/div>\n\t\t\t\t\t<\/div>\n\t\t<\/div>\n\t\t\t\t\t<\/div>\n\t\t<\/section>\n\t\t\t\t\t<\/div>\n\t\t<\/div>\n\t\t\t\t\t<\/div>\n\t\t<\/section>\n\t\t\t\t<section class=\"elementor-section elementor-top-section elementor-element elementor-element-d3d3e88 elementor-section-stretched elementor-section-boxed elementor-section-height-default elementor-section-height-default\" data-id=\"d3d3e88\" data-element_type=\"section\" data-settings=\"{&quot;stretch_section&quot;:&quot;section-stretched&quot;,&quot;background_background&quot;:&quot;classic&quot;}\">\n\t\t\t\t\t\t<div class=\"elementor-container elementor-column-gap-wider\">\n\t\t\t\t\t<div class=\"elementor-column elementor-col-100 elementor-top-column elementor-element elementor-element-64169e2d\" data-id=\"64169e2d\" data-element_type=\"column\">\n\t\t\t<div class=\"elementor-widget-wrap\">\n\t\t\t\t\t\t\t<\/div>\n\t\t<\/div>\n\t\t\t\t\t<\/div>\n\t\t<\/section>\n\t\t\t\t<\/div>\n\t\t","protected":false},"excerpt":{"rendered":"<p>Contato Para mais informa\u00e7\u00f5es, estamos dispon\u00edveis no e-mail abaixo:\u00a0 info@iipsi.com.br \u00a0<\/p>\n","protected":false},"author":3,"featured_media":0,"parent":0,"menu_order":0,"comment_status":"closed","ping_status":"closed","template":"","meta":{"footnotes":""},"class_list":["post-2620","page","type-page","status-publish","hentry"],"yoast_head":"<!-- This site is optimized with the Yoast SEO plugin v26.0 - https:\/\/yoast.com\/wordpress\/plugins\/seo\/ -->\n<title>Contact - Instituto Internacional de Psican\u00e1lise<\/title>\n<meta name=\"robots\" content=\"index, follow, max-snippet:-1, max-image-preview:large, max-video-preview:-1\" \/>\n<link rel=\"canonical\" href=\"https:\/\/www.iipsi.com.br\/contato\/\" \/>\n<meta property=\"og:locale\" content=\"fr_FR\" \/>\n<meta property=\"og:type\" content=\"article\" \/>\n<meta property=\"og:title\" content=\"Contact - Instituto Internacional de Psican\u00e1lise\" \/>\n<meta property=\"og:description\" content=\"Contato Para mais informa\u00e7\u00f5es, estamos dispon\u00edveis no e-mail abaixo:\u00a0 info@iipsi.com.br \u00a0\" \/>\n<meta property=\"og:url\" content=\"https:\/\/www.iipsi.com.br\/contato\/\" \/>\n<meta property=\"og:site_name\" content=\"Instituto Internacional de Psican\u00e1lise\" \/>\n<meta property=\"article:publisher\" content=\"https:\/\/www.facebook.com\/Instituto-Internacional-de-Psicanlise-154483503074510\" \/>\n<meta property=\"og:image\" content=\"https:\/\/iipsi.com.br\/wp-content\/uploads\/2021\/04\/Contato-IIP.jpg\" \/>\n<meta name=\"twitter:card\" content=\"summary_large_image\" \/>\n<script type=\"application\/ld+json\" class=\"yoast-schema-graph\">{\"@context\":\"https:\/\/schema.org\",\"@graph\":[{\"@type\":\"WebPage\",\"@id\":\"https:\/\/www.iipsi.com.br\/contato\/\",\"url\":\"https:\/\/www.iipsi.com.br\/contato\/\",\"name\":\"Contact - Instituto Internacional de Psican\u00e1lise\",\"isPartOf\":{\"@id\":\"https:\/\/www.iipsi.com.br\/fr\/#website\"},\"primaryImageOfPage\":{\"@id\":\"https:\/\/www.iipsi.com.br\/contato\/#primaryimage\"},\"image\":{\"@id\":\"https:\/\/www.iipsi.com.br\/contato\/#primaryimage\"},\"thumbnailUrl\":\"https:\/\/iipsi.com.br\/wp-content\/uploads\/2021\/04\/Contato-IIP.jpg\",\"datePublished\":\"2021-05-06T21:34:30+00:00\",\"breadcrumb\":{\"@id\":\"https:\/\/www.iipsi.com.br\/contato\/#breadcrumb\"},\"inLanguage\":\"fr-FR\",\"potentialAction\":[{\"@type\":\"ReadAction\",\"target\":[\"https:\/\/www.iipsi.com.br\/contato\/\"]}]},{\"@type\":\"ImageObject\",\"inLanguage\":\"fr-FR\",\"@id\":\"https:\/\/www.iipsi.com.br\/contato\/#primaryimage\",\"url\":\"https:\/\/iipsi.com.br\/wp-content\/uploads\/2021\/04\/Contato-IIP.jpg\",\"contentUrl\":\"https:\/\/iipsi.com.br\/wp-content\/uploads\/2021\/04\/Contato-IIP.jpg\"},{\"@type\":\"BreadcrumbList\",\"@id\":\"https:\/\/www.iipsi.com.br\/contato\/#breadcrumb\",\"itemListElement\":[{\"@type\":\"ListItem\",\"position\":1,\"name\":\"In\u00edcio\",\"item\":\"https:\/\/www.iipsi.com.br\/fr\/\"},{\"@type\":\"ListItem\",\"position\":2,\"name\":\"Contact\"}]},{\"@type\":\"WebSite\",\"@id\":\"https:\/\/www.iipsi.com.br\/fr\/#website\",\"url\":\"https:\/\/www.iipsi.com.br\/fr\/\",\"name\":\"Instituto Internacional de Psican\u00e1lise\",\"description\":\"Instituto Internacional de Psican\u00e1lise\",\"publisher\":{\"@id\":\"https:\/\/www.iipsi.com.br\/fr\/#organization\"},\"potentialAction\":[{\"@type\":\"SearchAction\",\"target\":{\"@type\":\"EntryPoint\",\"urlTemplate\":\"https:\/\/www.iipsi.com.br\/fr\/?s={search_term_string}\"},\"query-input\":{\"@type\":\"PropertyValueSpecification\",\"valueRequired\":true,\"valueName\":\"search_term_string\"}}],\"inLanguage\":\"fr-FR\"},{\"@type\":\"Organization\",\"@id\":\"https:\/\/www.iipsi.com.br\/fr\/#organization\",\"name\":\"Instituto Internacional de Psican\u00e1lise\",\"url\":\"https:\/\/www.iipsi.com.br\/fr\/\",\"logo\":{\"@type\":\"ImageObject\",\"inLanguage\":\"fr-FR\",\"@id\":\"https:\/\/www.iipsi.com.br\/fr\/#\/schema\/logo\/image\/\",\"url\":\"https:\/\/www.iipsi.com.br\/wp-content\/uploads\/2021\/04\/logo-fran-iip.png\",\"contentUrl\":\"https:\/\/www.iipsi.com.br\/wp-content\/uploads\/2021\/04\/logo-fran-iip.png\",\"width\":330,\"height\":105,\"caption\":\"Instituto Internacional de Psican\u00e1lise\"},\"image\":{\"@id\":\"https:\/\/www.iipsi.com.br\/fr\/#\/schema\/logo\/image\/\"},\"sameAs\":[\"https:\/\/www.facebook.com\/Instituto-Internacional-de-Psicanlise-154483503074510\",\"https:\/\/www.youtube.com\/channel\/UCpdtZZXQAwCPaiQXuIkEHYQ\",\"https:\/\/www.instagram.com\/iip.psi\/?igshid=9gywb8g42cf2\"]}]}<\/script>\n<!-- \/ Yoast SEO plugin. -->","yoast_head_json":{"title":"Contact - Instituto Internacional de Psican\u00e1lise","robots":{"index":"index","follow":"follow","max-snippet":"max-snippet:-1","max-image-preview":"max-image-preview:large","max-video-preview":"max-video-preview:-1"},"canonical":"https:\/\/www.iipsi.com.br\/contato\/","og_locale":"fr_FR","og_type":"article","og_title":"Contact - Instituto Internacional de Psican\u00e1lise","og_description":"Contato Para mais informa\u00e7\u00f5es, estamos dispon\u00edveis no e-mail abaixo:\u00a0 info@iipsi.com.br \u00a0","og_url":"https:\/\/www.iipsi.com.br\/contato\/","og_site_name":"Instituto Internacional de Psican\u00e1lise","article_publisher":"https:\/\/www.facebook.com\/Instituto-Internacional-de-Psicanlise-154483503074510","og_image":[{"url":"https:\/\/iipsi.com.br\/wp-content\/uploads\/2021\/04\/Contato-IIP.jpg","type":"","width":"","height":""}],"twitter_card":"summary_large_image","schema":{"@context":"https:\/\/schema.org","@graph":[{"@type":"WebPage","@id":"https:\/\/www.iipsi.com.br\/contato\/","url":"https:\/\/www.iipsi.com.br\/contato\/","name":"Contact - Instituto Internacional de Psican\u00e1lise","isPartOf":{"@id":"https:\/\/www.iipsi.com.br\/fr\/#website"},"primaryImageOfPage":{"@id":"https:\/\/www.iipsi.com.br\/contato\/#primaryimage"},"image":{"@id":"https:\/\/www.iipsi.com.br\/contato\/#primaryimage"},"thumbnailUrl":"https:\/\/iipsi.com.br\/wp-content\/uploads\/2021\/04\/Contato-IIP.jpg","datePublished":"2021-05-06T21:34:30+00:00","breadcrumb":{"@id":"https:\/\/www.iipsi.com.br\/contato\/#breadcrumb"},"inLanguage":"fr-FR","potentialAction":[{"@type":"ReadAction","target":["https:\/\/www.iipsi.com.br\/contato\/"]}]},{"@type":"ImageObject","inLanguage":"fr-FR","@id":"https:\/\/www.iipsi.com.br\/contato\/#primaryimage","url":"https:\/\/iipsi.com.br\/wp-content\/uploads\/2021\/04\/Contato-IIP.jpg","contentUrl":"https:\/\/iipsi.com.br\/wp-content\/uploads\/2021\/04\/Contato-IIP.jpg"},{"@type":"BreadcrumbList","@id":"https:\/\/www.iipsi.com.br\/contato\/#breadcrumb","itemListElement":[{"@type":"ListItem","position":1,"name":"In\u00edcio","item":"https:\/\/www.iipsi.com.br\/fr\/"},{"@type":"ListItem","position":2,"name":"Contact"}]},{"@type":"WebSite","@id":"https:\/\/www.iipsi.com.br\/fr\/#website","url":"https:\/\/www.iipsi.com.br\/fr\/","name":"Instituto Internacional de Psican\u00e1lise","description":"Instituto Internacional de Psican\u00e1lise","publisher":{"@id":"https:\/\/www.iipsi.com.br\/fr\/#organization"},"potentialAction":[{"@type":"SearchAction","target":{"@type":"EntryPoint","urlTemplate":"https:\/\/www.iipsi.com.br\/fr\/?s={search_term_string}"},"query-input":{"@type":"PropertyValueSpecification","valueRequired":true,"valueName":"search_term_string"}}],"inLanguage":"fr-FR"},{"@type":"Organization","@id":"https:\/\/www.iipsi.com.br\/fr\/#organization","name":"Instituto Internacional de Psican\u00e1lise","url":"https:\/\/www.iipsi.com.br\/fr\/","logo":{"@type":"ImageObject","inLanguage":"fr-FR","@id":"https:\/\/www.iipsi.com.br\/fr\/#\/schema\/logo\/image\/","url":"https:\/\/www.iipsi.com.br\/wp-content\/uploads\/2021\/04\/logo-fran-iip.png","contentUrl":"https:\/\/www.iipsi.com.br\/wp-content\/uploads\/2021\/04\/logo-fran-iip.png","width":330,"height":105,"caption":"Instituto Internacional de Psican\u00e1lise"},"image":{"@id":"https:\/\/www.iipsi.com.br\/fr\/#\/schema\/logo\/image\/"},"sameAs":["https:\/\/www.facebook.com\/Instituto-Internacional-de-Psicanlise-154483503074510","https:\/\/www.youtube.com\/channel\/UCpdtZZXQAwCPaiQXuIkEHYQ","https:\/\/www.instagram.com\/iip.psi\/?igshid=9gywb8g42cf2"]}]}},"_links":{"self":[{"href":"https:\/\/www.iipsi.com.br\/fr\/wp-json\/wp\/v2\/pages\/2620","targetHints":{"allow":["GET"]}}],"collection":[{"href":"https:\/\/www.iipsi.com.br\/fr\/wp-json\/wp\/v2\/pages"}],"about":[{"href":"https:\/\/www.iipsi.com.br\/fr\/wp-json\/wp\/v2\/types\/page"}],"author":[{"embeddable":true,"href":"https:\/\/www.iipsi.com.br\/fr\/wp-json\/wp\/v2\/users\/3"}],"replies":[{"embeddable":true,"href":"https:\/\/www.iipsi.com.br\/fr\/wp-json\/wp\/v2\/comments?post=2620"}],"version-history":[{"count":1,"href":"https:\/\/www.iipsi.com.br\/fr\/wp-json\/wp\/v2\/pages\/2620\/revisions"}],"predecessor-version":[{"id":2621,"href":"https:\/\/www.iipsi.com.br\/fr\/wp-json\/wp\/v2\/pages\/2620\/revisions\/2621"}],"wp:attachment":[{"href":"https:\/\/www.iipsi.com.br\/fr\/wp-json\/wp\/v2\/media?parent=2620"}],"curies":[{"name":"wp","href":"https:\/\/api.w.org\/{rel}","templated":true}]}}