{"id":9830,"date":"2025-01-10T13:58:03","date_gmt":"2025-01-10T16:58:03","guid":{"rendered":"https:\/\/iipsi.com.br\/?page_id=9830"},"modified":"2025-04-04T13:47:12","modified_gmt":"2025-04-04T16:47:12","slug":"membres","status":"publish","type":"page","link":"https:\/\/www.iipsi.com.br\/fr\/membres\/","title":{"rendered":"Membres"},"content":{"rendered":"\t\t<div data-elementor-type=\"wp-page\" data-elementor-id=\"9830\" class=\"elementor elementor-9830\" data-elementor-post-type=\"page\">\n\t\t\t\t\t\t<section class=\"elementor-section elementor-top-section elementor-element elementor-element-23a76d9 elementor-section-full_width elementor-section-stretched elementor-section-height-default elementor-section-height-default\" data-id=\"23a76d9\" data-element_type=\"section\" data-settings=\"{&quot;stretch_section&quot;:&quot;section-stretched&quot;,&quot;background_background&quot;:&quot;classic&quot;}\">\n\t\t\t\t\t\t<div class=\"elementor-container elementor-column-gap-no\">\n\t\t\t\t\t<div class=\"elementor-column elementor-col-100 elementor-top-column elementor-element elementor-element-8e8f596\" data-id=\"8e8f596\" data-element_type=\"column\" data-settings=\"{&quot;background_background&quot;:&quot;classic&quot;}\">\n\t\t\t<div class=\"elementor-widget-wrap elementor-element-populated\">\n\t\t\t\t\t\t<div class=\"elementor-element elementor-element-8d0ba08 elementor-widget elementor-widget-image\" data-id=\"8d0ba08\" data-element_type=\"widget\" data-widget_type=\"image.default\">\n\t\t\t\t<div class=\"elementor-widget-container\">\n\t\t\t\t\t\t\t\t\t\t\t\t\t\t\t<img fetchpriority=\"high\" decoding=\"async\" width=\"1920\" height=\"800\" src=\"https:\/\/www.iipsi.com.br\/wp-content\/uploads\/2021\/03\/Social-IIP.jpg\" class=\"attachment-full size-full wp-image-1378\" alt=\"IIP Social\" srcset=\"https:\/\/www.iipsi.com.br\/wp-content\/uploads\/2021\/03\/Social-IIP.jpg 1920w, https:\/\/www.iipsi.com.br\/wp-content\/uploads\/2021\/03\/Social-IIP-300x125.jpg 300w, https:\/\/www.iipsi.com.br\/wp-content\/uploads\/2021\/03\/Social-IIP-1024x427.jpg 1024w, https:\/\/www.iipsi.com.br\/wp-content\/uploads\/2021\/03\/Social-IIP-768x320.jpg 768w, https:\/\/www.iipsi.com.br\/wp-content\/uploads\/2021\/03\/Social-IIP-1536x640.jpg 1536w, https:\/\/www.iipsi.com.br\/wp-content\/uploads\/2021\/03\/Social-IIP-260x108.jpg 260w, https:\/\/www.iipsi.com.br\/wp-content\/uploads\/2021\/03\/Social-IIP-50x21.jpg 50w, https:\/\/www.iipsi.com.br\/wp-content\/uploads\/2021\/03\/Social-IIP-150x63.jpg 150w\" sizes=\"(max-width: 1920px) 100vw, 1920px\" \/>\t\t\t\t\t\t\t\t\t\t\t\t\t\t\t<\/div>\n\t\t\t\t<\/div>\n\t\t\t\t\t<\/div>\n\t\t<\/div>\n\t\t\t\t\t<\/div>\n\t\t<\/section>\n\t\t\t\t<section class=\"elementor-section elementor-top-section elementor-element elementor-element-82aba4d elementor-section-stretched elementor-section-boxed elementor-section-height-default elementor-section-height-default\" data-id=\"82aba4d\" data-element_type=\"section\" data-settings=\"{&quot;stretch_section&quot;:&quot;section-stretched&quot;,&quot;background_background&quot;:&quot;classic&quot;}\">\n\t\t\t\t\t\t<div class=\"elementor-container elementor-column-gap-wider\">\n\t\t\t\t\t<div class=\"elementor-column elementor-col-100 elementor-top-column elementor-element elementor-element-340025e8\" data-id=\"340025e8\" data-element_type=\"column\">\n\t\t\t<div class=\"elementor-widget-wrap elementor-element-populated\">\n\t\t\t\t\t\t<section class=\"elementor-section elementor-inner-section elementor-element elementor-element-1de0d64a elementor-section-boxed elementor-section-height-default elementor-section-height-default\" data-id=\"1de0d64a\" data-element_type=\"section\">\n\t\t\t\t\t\t<div class=\"elementor-container elementor-column-gap-default\">\n\t\t\t\t\t<div class=\"elementor-column elementor-col-100 elementor-inner-column elementor-element elementor-element-39675074\" data-id=\"39675074\" data-element_type=\"column\">\n\t\t\t<div class=\"elementor-widget-wrap elementor-element-populated\">\n\t\t\t\t\t\t<div class=\"elementor-element elementor-element-5dadd820 elementor-widget elementor-widget-text-editor\" data-id=\"5dadd820\" data-element_type=\"widget\" data-widget_type=\"text-editor.default\">\n\t\t\t\t<div class=\"elementor-widget-container\">\n\t\t\t\t\t\t\t\t\t<h3 style=\"text-align: center;\"><span style=\"color: #f09c49;\">Membres<\/span><\/h3>\t\t\t\t\t\t\t\t<\/div>\n\t\t\t\t<\/div>\n\t\t\t\t\t<\/div>\n\t\t<\/div>\n\t\t\t\t\t<\/div>\n\t\t<\/section>\n\t\t\t\t\t<\/div>\n\t\t<\/div>\n\t\t\t\t\t<\/div>\n\t\t<\/section>\n\t\t\t\t<section class=\"elementor-section elementor-top-section elementor-element elementor-element-135273e1 elementor-section-stretched elementor-section-boxed elementor-section-height-default elementor-section-height-default\" data-id=\"135273e1\" data-element_type=\"section\" data-settings=\"{&quot;stretch_section&quot;:&quot;section-stretched&quot;,&quot;background_background&quot;:&quot;classic&quot;}\">\n\t\t\t\t\t\t<div class=\"elementor-container elementor-column-gap-wider\">\n\t\t\t\t\t<div class=\"elementor-column elementor-col-100 elementor-top-column elementor-element elementor-element-7adbe32b\" data-id=\"7adbe32b\" data-element_type=\"column\">\n\t\t\t<div class=\"elementor-widget-wrap elementor-element-populated\">\n\t\t\t\t\t\t<section class=\"elementor-section elementor-inner-section elementor-element elementor-element-47ced01b elementor-section-boxed elementor-section-height-default elementor-section-height-default\" data-id=\"47ced01b\" data-element_type=\"section\">\n\t\t\t\t\t\t<div class=\"elementor-container elementor-column-gap-default\">\n\t\t\t\t\t<div class=\"elementor-column elementor-col-100 elementor-inner-column elementor-element elementor-element-7997f44e\" data-id=\"7997f44e\" data-element_type=\"column\">\n\t\t\t<div class=\"elementor-widget-wrap elementor-element-populated\">\n\t\t\t\t\t\t<div class=\"elementor-element elementor-element-5441cffe elementor-widget elementor-widget-text-editor\" data-id=\"5441cffe\" data-element_type=\"widget\" data-widget_type=\"text-editor.default\">\n\t\t\t\t<div class=\"elementor-widget-container\">\n\t\t\t\t\t\t\t\t\t<p style=\"text-align: justify;\"><span style=\"color: #263a53;\"><span style=\"font-size: 18.3333px;\">Se reconna\u00eetre dans un mouvement d\u00e9sirant et impliqu\u00e9 en lien avec cette communaut\u00e9 est la principale condition pour cellui qui souhaite devenir membre. Les membres sont des personnes impliqu\u00e9es dans la psychanalyse et la cause analytique \u00e0 partir de Freud et Lacan, et peuvent transiter entre les diff\u00e9rents p\u00f4les selon leurs int\u00e9r\u00eats.<br \/><\/span><\/span><\/p><p style=\"text-align: justify;\"><span style=\"color: #263a53;\"><span style=\"font-size: 18.3333px;\">Pour devenir membre, il est n\u00e9cessaire d\u2019accepter les conditions suivantes :<br \/><\/span><\/span><\/p><ul><li>\u00catre d\u00e9j\u00e0 collaborateur\u00b7ice actif\u00b7ve au sein de l\u2019IIP ;<\/li><li>\u00catre invit\u00e9\u00b7e \u00e0 devenir membre ;<\/li><li>Si vous souhaitez devenir membre sans y avoir \u00e9t\u00e9 invit\u00e9\u00b7e, il vous faut manifester formellement par \u00e9crit les raisons pour lesquelles vous \u00eates int\u00e9ress\u00e9\u00b7e (veuillez \u00e9crire \u00e0 : com@iipsi.com.br) ;<\/li><li>Participer financi\u00e8rement \u00e0 travers une cotisation dont le montant sera red\u00e9fini chaque ann\u00e9e et dont l\u2019objectif est de contribuer \u00e0 la vie de l\u2019IIP ;<\/li><li>S\u2019impliquer activement dans un ou plusieurs p\u00f4les.<\/li><\/ul><p style=\"text-align: justify;\"><span style=\"color: #263a53;\"><span style=\"font-size: 18.3333px;\">Les membres peuvent : <\/span><\/span><\/p><ul><li>Proposer, cr\u00e9er et coordonner des p\u00f4les ;<\/li><li>Demander \u00e0 int\u00e9grer le p\u00f4le Conseil ;<\/li><li>B\u00e9n\u00e9ficier de remises sur les activit\u00e9s de l\u2019IIP, ou d\u2019activit\u00e9s exclusives gratuites (\u00e0 d\u00e9finir).<\/li><\/ul><p style=\"text-align: justify;\"><span style=\"color: #263a53;\"><span style=\"font-size: 18.3333px;\"><br \/>Les membres de l\u2019IIP n\u2019assument aucune responsabilit\u00e9 l\u00e9gale, fiscale ou taxatoire de la personne morale de droit priv\u00e9 IIP.<br \/><\/span><\/span><\/p><p style=\"text-align: justify;\"><span style=\"color: #263a53;\"><span style=\"font-size: 18.3333px;\"><br \/>Beno\u00eet Le Bouteiller<br \/>Cear\u00e1 &#8211; Br\u00e9sil<br \/>Sessions en ligne en fran\u00e7ais, anglais et portugais<br \/><\/span><\/span><\/p><p style=\"text-align: justify;\"><span style=\"color: #263a53;\"><span style=\"font-size: 18.3333px;\"><br \/>Carla Vasques<br \/>k.recuero@gmail.com<br \/>+55 51 994667256<br \/>Porto Alegre, Rio Grande do Sul &#8211; Br\u00e9sil<br \/>Sessions en ligne pour adultes et adolescent\u00b7es en portugais<br \/><\/span><\/span><\/p><p style=\"text-align: justify;\"><span style=\"color: #263a53;\"><span style=\"font-size: 18.3333px;\"><br \/>Ceren Korulsan<br \/>+90 5326864086<br \/>Istanbul &#8211; Turquie<br \/>Sessions pr\u00e9sentielles et en ligne pour adultes en turque, fran\u00e7ais et anglais<br \/><\/span><\/span><\/p><p style=\"text-align: justify;\"><span style=\"color: #263a53;\"><span style=\"font-size: 18.3333px;\"><br \/>Darlaize Ribeiro de Freitas<br \/>darlaizer@gmail.com<br \/>+55 32984955614<br \/>Tom\u00e9-a\u00e7u, Para &#8211; Br\u00e9sil<br \/>Sessions en ligne pour adultes en portugais<br \/><\/span><\/span><\/p><p style=\"text-align: justify;\"><span style=\"color: #263a53;\"><span style=\"font-size: 18.3333px;\"><br \/>Gabriel da Luz Moreira<br \/>gaboalm@gmail.com<br \/>+55 31 996377093<br \/>Belo Horizonte, Minas Gerais &#8211; Br\u00e9sil<br \/>Sessions pr\u00e9sentielles et en ligne pour enfants, adolescent\u00b7es, adultes et couples en portugais, espagnol et anglais<\/span><\/span><\/p><p style=\"text-align: justify;\"><span style=\"color: #263a53;\"><span style=\"font-size: 18.3333px;\"><br \/>Jed Wilson<br \/>jw@jedwilson.com<br \/>+1 207 209 4477<br \/>Fryeburg, Maine &#8211; EUA<br \/>Sessions pr\u00e9sentielles et en ligne pour adultes en anglais<br \/><\/span><\/span><\/p><p style=\"text-align: justify;\"><span style=\"color: #263a53;\"><span style=\"font-size: 18.3333px;\"><br \/>Marina Martins de Godoy Fonseca<br \/>marina.mgfonseca@gmail.com<br \/>+55 31 999526648<br \/>Belo Horizonte, Minas Gerais &#8211; Br\u00e9sil<br \/>Sessions pr\u00e9sentielles et en ligne pour enfants, adolescent\u00b7es, adultes et couples en portugais<br \/><\/span><\/span><\/p><p style=\"text-align: justify;\"><span style=\"color: #263a53;\"><span style=\"font-size: 18.3333px;\"><br \/>Marta Marciano<br \/>+55 11 995003720<br \/>S\u00e3o Paulo, S\u00e3o Paulo &#8211; Br\u00e9sil<br \/>Sessions en ligne pour adultes en portugais<br \/><\/span><\/span><\/p><p style=\"text-align: justify;\"><span style=\"color: #263a53;\"><span style=\"font-size: 18.3333px;\"><br \/>M\u00f4nica Martins de Godoy Fonseca<br \/>monicagodoyfonseca@gmail.com<br \/>+55 31 999762506<br \/>Belo Horizonte, Minas Gerais &#8211; Br\u00e9sil<br \/>Sessions pr\u00e9sentielles et en ligne pour adultes en portugais et espagnol<br \/><\/span><\/span><\/p><p style=\"text-align: justify;\"><span style=\"color: #263a53;\"><span style=\"font-size: 18.3333px;\"><br \/>Patricia da Silva Gomes<br \/>pgpsicologa@gmail.com<br \/>+55 31 983127114<br \/>Belo Horizonte, Minas Gerais &#8211; Br\u00e9sil<br \/>Sessions en ligne pour adolescent\u00b7es et adultes en portugais<br \/><\/span><\/span><\/p><p style=\"text-align: justify;\"><span style=\"color: #263a53;\"><span style=\"font-size: 18.3333px;\"><br \/>Patr\u00edcia Laguardia<br \/>laguardiaplc@hotmail.com<br \/>+55 31 997280916<br \/>Belo Horizonte, Minas Gerais &#8211; Br\u00e9sil<br \/>Sessions pr\u00e9sentielles et en ligne pour enfants, adolescent\u00b7es et adultes en portugais<br \/><\/span><\/span><\/p><p style=\"text-align: justify;\"><span style=\"color: #263a53;\"><span style=\"font-size: 18.3333px;\"><br \/>Shari Zimmerman<br \/>shari.zimmerman@gmail.com<br \/>+1 917 9297341<br \/>New York, New York &#8211; EUA<br \/>Sessions pr\u00e9sentielles et en ligne pour adultes et couples en anglais<br \/><\/span><\/span><\/p><p style=\"text-align: justify;\"><span style=\"color: #263a53;\"><span style=\"font-size: 18.3333px;\"><br \/>Vanessa Checoli<br \/>vanessachecoli@gmail.com<br \/>+55 11 982621700<br \/>S\u00e3o Paulo, S\u00e3o Paulo &#8211; Br\u00e9sil<br \/>Sessions en ligne pour adolescent\u00b7es et adultes en portugais<br \/><\/span><\/span><\/p><p style=\"text-align: justify;\"><span style=\"color: #263a53;\"><span style=\"font-size: 18.3333px;\"><br \/>Yara Castanheira<br \/>yaracastanheira@gmail.com<br \/>+49 160 3501072<br \/>Berlin &#8211; Allemagne<br \/>Sessions pr\u00e9sentielles et en ligne pour adultes en portugais, allemand et anglais<br \/><\/span><\/span><\/p>\t\t\t\t\t\t\t\t<\/div>\n\t\t\t\t<\/div>\n\t\t\t\t\t<\/div>\n\t\t<\/div>\n\t\t\t\t\t<\/div>\n\t\t<\/section>\n\t\t\t\t\t<\/div>\n\t\t<\/div>\n\t\t\t\t\t<\/div>\n\t\t<\/section>\n\t\t\t\t<\/div>\n\t\t","protected":false},"excerpt":{"rendered":"<p>Membres Se reconna\u00eetre dans un mouvement d\u00e9sirant et impliqu\u00e9 en lien avec cette communaut\u00e9 est la principale condition pour cellui qui souhaite devenir membre. Les membres sont des personnes impliqu\u00e9es dans la psychanalyse et<span class=\"excerpt-hellip\"> [\u2026]<\/span><\/p>\n","protected":false},"author":3,"featured_media":0,"parent":0,"menu_order":0,"comment_status":"closed","ping_status":"closed","template":"","meta":{"footnotes":""},"class_list":["post-9830","page","type-page","status-publish","hentry"],"yoast_head":"<!-- This site is optimized with the Yoast SEO plugin v26.0 - https:\/\/yoast.com\/wordpress\/plugins\/seo\/ -->\n<title>Membres - Instituto Internacional de Psican\u00e1lise<\/title>\n<meta name=\"robots\" content=\"index, follow, max-snippet:-1, max-image-preview:large, max-video-preview:-1\" \/>\n<link rel=\"canonical\" href=\"https:\/\/www.iipsi.com.br\/fr\/membres\/\" \/>\n<meta property=\"og:locale\" content=\"fr_FR\" \/>\n<meta property=\"og:type\" content=\"article\" \/>\n<meta property=\"og:title\" content=\"Membres - Instituto Internacional de Psican\u00e1lise\" \/>\n<meta property=\"og:description\" content=\"Membres Se reconna\u00eetre dans un mouvement d\u00e9sirant et impliqu\u00e9 en lien avec cette communaut\u00e9 est la principale condition pour cellui qui souhaite devenir membre. Les membres sont des personnes impliqu\u00e9es dans la psychanalyse et [\u2026]\" \/>\n<meta property=\"og:url\" content=\"https:\/\/www.iipsi.com.br\/fr\/membres\/\" \/>\n<meta property=\"og:site_name\" content=\"Instituto Internacional de Psican\u00e1lise\" \/>\n<meta property=\"article:publisher\" content=\"https:\/\/www.facebook.com\/Instituto-Internacional-de-Psicanlise-154483503074510\" \/>\n<meta property=\"article:modified_time\" content=\"2025-04-04T16:47:12+00:00\" \/>\n<meta property=\"og:image\" content=\"https:\/\/iipsi.com.br\/wp-content\/uploads\/2021\/03\/Social-IIP.jpg\" \/>\n<meta name=\"twitter:card\" content=\"summary_large_image\" \/>\n<meta name=\"twitter:label1\" content=\"Dur\u00e9e de lecture estim\u00e9e\" \/>\n\t<meta name=\"twitter:data1\" content=\"3 minutes\" \/>\n<script type=\"application\/ld+json\" class=\"yoast-schema-graph\">{\"@context\":\"https:\/\/schema.org\",\"@graph\":[{\"@type\":\"WebPage\",\"@id\":\"https:\/\/www.iipsi.com.br\/fr\/membres\/\",\"url\":\"https:\/\/www.iipsi.com.br\/fr\/membres\/\",\"name\":\"Membres - Instituto Internacional de Psican\u00e1lise\",\"isPartOf\":{\"@id\":\"https:\/\/www.iipsi.com.br\/fr\/#website\"},\"primaryImageOfPage\":{\"@id\":\"https:\/\/www.iipsi.com.br\/fr\/membres\/#primaryimage\"},\"image\":{\"@id\":\"https:\/\/www.iipsi.com.br\/fr\/membres\/#primaryimage\"},\"thumbnailUrl\":\"https:\/\/iipsi.com.br\/wp-content\/uploads\/2021\/03\/Social-IIP.jpg\",\"datePublished\":\"2025-01-10T16:58:03+00:00\",\"dateModified\":\"2025-04-04T16:47:12+00:00\",\"breadcrumb\":{\"@id\":\"https:\/\/www.iipsi.com.br\/fr\/membres\/#breadcrumb\"},\"inLanguage\":\"fr-FR\",\"potentialAction\":[{\"@type\":\"ReadAction\",\"target\":[\"https:\/\/www.iipsi.com.br\/fr\/membres\/\"]}]},{\"@type\":\"ImageObject\",\"inLanguage\":\"fr-FR\",\"@id\":\"https:\/\/www.iipsi.com.br\/fr\/membres\/#primaryimage\",\"url\":\"https:\/\/iipsi.com.br\/wp-content\/uploads\/2021\/03\/Social-IIP.jpg\",\"contentUrl\":\"https:\/\/iipsi.com.br\/wp-content\/uploads\/2021\/03\/Social-IIP.jpg\"},{\"@type\":\"BreadcrumbList\",\"@id\":\"https:\/\/www.iipsi.com.br\/fr\/membres\/#breadcrumb\",\"itemListElement\":[{\"@type\":\"ListItem\",\"position\":1,\"name\":\"In\u00edcio\",\"item\":\"https:\/\/www.iipsi.com.br\/fr\/\"},{\"@type\":\"ListItem\",\"position\":2,\"name\":\"Membres\"}]},{\"@type\":\"WebSite\",\"@id\":\"https:\/\/www.iipsi.com.br\/fr\/#website\",\"url\":\"https:\/\/www.iipsi.com.br\/fr\/\",\"name\":\"Instituto Internacional de Psican\u00e1lise\",\"description\":\"Instituto Internacional de Psican\u00e1lise\",\"publisher\":{\"@id\":\"https:\/\/www.iipsi.com.br\/fr\/#organization\"},\"potentialAction\":[{\"@type\":\"SearchAction\",\"target\":{\"@type\":\"EntryPoint\",\"urlTemplate\":\"https:\/\/www.iipsi.com.br\/fr\/?s={search_term_string}\"},\"query-input\":{\"@type\":\"PropertyValueSpecification\",\"valueRequired\":true,\"valueName\":\"search_term_string\"}}],\"inLanguage\":\"fr-FR\"},{\"@type\":\"Organization\",\"@id\":\"https:\/\/www.iipsi.com.br\/fr\/#organization\",\"name\":\"Instituto Internacional de Psican\u00e1lise\",\"url\":\"https:\/\/www.iipsi.com.br\/fr\/\",\"logo\":{\"@type\":\"ImageObject\",\"inLanguage\":\"fr-FR\",\"@id\":\"https:\/\/www.iipsi.com.br\/fr\/#\/schema\/logo\/image\/\",\"url\":\"https:\/\/www.iipsi.com.br\/wp-content\/uploads\/2021\/04\/logo-fran-iip.png\",\"contentUrl\":\"https:\/\/www.iipsi.com.br\/wp-content\/uploads\/2021\/04\/logo-fran-iip.png\",\"width\":330,\"height\":105,\"caption\":\"Instituto Internacional de Psican\u00e1lise\"},\"image\":{\"@id\":\"https:\/\/www.iipsi.com.br\/fr\/#\/schema\/logo\/image\/\"},\"sameAs\":[\"https:\/\/www.facebook.com\/Instituto-Internacional-de-Psicanlise-154483503074510\",\"https:\/\/www.youtube.com\/channel\/UCpdtZZXQAwCPaiQXuIkEHYQ\",\"https:\/\/www.instagram.com\/iip.psi\/?igshid=9gywb8g42cf2\"]}]}<\/script>\n<!-- \/ Yoast SEO plugin. -->","yoast_head_json":{"title":"Membres - Instituto Internacional de Psican\u00e1lise","robots":{"index":"index","follow":"follow","max-snippet":"max-snippet:-1","max-image-preview":"max-image-preview:large","max-video-preview":"max-video-preview:-1"},"canonical":"https:\/\/www.iipsi.com.br\/fr\/membres\/","og_locale":"fr_FR","og_type":"article","og_title":"Membres - Instituto Internacional de Psican\u00e1lise","og_description":"Membres Se reconna\u00eetre dans un mouvement d\u00e9sirant et impliqu\u00e9 en lien avec cette communaut\u00e9 est la principale condition pour cellui qui souhaite devenir membre. Les membres sont des personnes impliqu\u00e9es dans la psychanalyse et [\u2026]","og_url":"https:\/\/www.iipsi.com.br\/fr\/membres\/","og_site_name":"Instituto Internacional de Psican\u00e1lise","article_publisher":"https:\/\/www.facebook.com\/Instituto-Internacional-de-Psicanlise-154483503074510","article_modified_time":"2025-04-04T16:47:12+00:00","og_image":[{"url":"https:\/\/iipsi.com.br\/wp-content\/uploads\/2021\/03\/Social-IIP.jpg","type":"","width":"","height":""}],"twitter_card":"summary_large_image","twitter_misc":{"Dur\u00e9e de lecture estim\u00e9e":"3 minutes"},"schema":{"@context":"https:\/\/schema.org","@graph":[{"@type":"WebPage","@id":"https:\/\/www.iipsi.com.br\/fr\/membres\/","url":"https:\/\/www.iipsi.com.br\/fr\/membres\/","name":"Membres - Instituto Internacional de Psican\u00e1lise","isPartOf":{"@id":"https:\/\/www.iipsi.com.br\/fr\/#website"},"primaryImageOfPage":{"@id":"https:\/\/www.iipsi.com.br\/fr\/membres\/#primaryimage"},"image":{"@id":"https:\/\/www.iipsi.com.br\/fr\/membres\/#primaryimage"},"thumbnailUrl":"https:\/\/iipsi.com.br\/wp-content\/uploads\/2021\/03\/Social-IIP.jpg","datePublished":"2025-01-10T16:58:03+00:00","dateModified":"2025-04-04T16:47:12+00:00","breadcrumb":{"@id":"https:\/\/www.iipsi.com.br\/fr\/membres\/#breadcrumb"},"inLanguage":"fr-FR","potentialAction":[{"@type":"ReadAction","target":["https:\/\/www.iipsi.com.br\/fr\/membres\/"]}]},{"@type":"ImageObject","inLanguage":"fr-FR","@id":"https:\/\/www.iipsi.com.br\/fr\/membres\/#primaryimage","url":"https:\/\/iipsi.com.br\/wp-content\/uploads\/2021\/03\/Social-IIP.jpg","contentUrl":"https:\/\/iipsi.com.br\/wp-content\/uploads\/2021\/03\/Social-IIP.jpg"},{"@type":"BreadcrumbList","@id":"https:\/\/www.iipsi.com.br\/fr\/membres\/#breadcrumb","itemListElement":[{"@type":"ListItem","position":1,"name":"In\u00edcio","item":"https:\/\/www.iipsi.com.br\/fr\/"},{"@type":"ListItem","position":2,"name":"Membres"}]},{"@type":"WebSite","@id":"https:\/\/www.iipsi.com.br\/fr\/#website","url":"https:\/\/www.iipsi.com.br\/fr\/","name":"Instituto Internacional de Psican\u00e1lise","description":"Instituto Internacional de Psican\u00e1lise","publisher":{"@id":"https:\/\/www.iipsi.com.br\/fr\/#organization"},"potentialAction":[{"@type":"SearchAction","target":{"@type":"EntryPoint","urlTemplate":"https:\/\/www.iipsi.com.br\/fr\/?s={search_term_string}"},"query-input":{"@type":"PropertyValueSpecification","valueRequired":true,"valueName":"search_term_string"}}],"inLanguage":"fr-FR"},{"@type":"Organization","@id":"https:\/\/www.iipsi.com.br\/fr\/#organization","name":"Instituto Internacional de Psican\u00e1lise","url":"https:\/\/www.iipsi.com.br\/fr\/","logo":{"@type":"ImageObject","inLanguage":"fr-FR","@id":"https:\/\/www.iipsi.com.br\/fr\/#\/schema\/logo\/image\/","url":"https:\/\/www.iipsi.com.br\/wp-content\/uploads\/2021\/04\/logo-fran-iip.png","contentUrl":"https:\/\/www.iipsi.com.br\/wp-content\/uploads\/2021\/04\/logo-fran-iip.png","width":330,"height":105,"caption":"Instituto Internacional de Psican\u00e1lise"},"image":{"@id":"https:\/\/www.iipsi.com.br\/fr\/#\/schema\/logo\/image\/"},"sameAs":["https:\/\/www.facebook.com\/Instituto-Internacional-de-Psicanlise-154483503074510","https:\/\/www.youtube.com\/channel\/UCpdtZZXQAwCPaiQXuIkEHYQ","https:\/\/www.instagram.com\/iip.psi\/?igshid=9gywb8g42cf2"]}]}},"_links":{"self":[{"href":"https:\/\/www.iipsi.com.br\/fr\/wp-json\/wp\/v2\/pages\/9830","targetHints":{"allow":["GET"]}}],"collection":[{"href":"https:\/\/www.iipsi.com.br\/fr\/wp-json\/wp\/v2\/pages"}],"about":[{"href":"https:\/\/www.iipsi.com.br\/fr\/wp-json\/wp\/v2\/types\/page"}],"author":[{"embeddable":true,"href":"https:\/\/www.iipsi.com.br\/fr\/wp-json\/wp\/v2\/users\/3"}],"replies":[{"embeddable":true,"href":"https:\/\/www.iipsi.com.br\/fr\/wp-json\/wp\/v2\/comments?post=9830"}],"version-history":[{"count":10,"href":"https:\/\/www.iipsi.com.br\/fr\/wp-json\/wp\/v2\/pages\/9830\/revisions"}],"predecessor-version":[{"id":10123,"href":"https:\/\/www.iipsi.com.br\/fr\/wp-json\/wp\/v2\/pages\/9830\/revisions\/10123"}],"wp:attachment":[{"href":"https:\/\/www.iipsi.com.br\/fr\/wp-json\/wp\/v2\/media?parent=9830"}],"curies":[{"name":"wp","href":"https:\/\/api.w.org\/{rel}","templated":true}]}}